{"id":1947,"date":"2023-02-06T17:02:33","date_gmt":"2023-02-06T16:02:33","guid":{"rendered":"https:\/\/anderreuss.ch\/startseite\/notre-metier\/logistique-pour-les-produits-finis\/"},"modified":"2023-02-14T17:27:46","modified_gmt":"2023-02-14T16:27:46","slug":"logistique-pour-les-produits-finis","status":"publish","type":"page","link":"https:\/\/anderreuss.ch\/fr\/startseite\/notre-metier\/logistique-pour-les-produits-finis\/","title":{"rendered":"Logistique pour les produits finis"},"content":{"rendered":"\t\t<div data-elementor-type=\"wp-page\" data-elementor-id=\"1947\" class=\"elementor elementor-1947 elementor-925\" data-elementor-post-type=\"page\">\n\t\t\t\t\t\t<section class=\"elementor-section elementor-top-section elementor-element elementor-element-1a1233f1 elementor-section-full_width elementor-section-content-top elementor-section-height-default elementor-section-height-default\" data-id=\"1a1233f1\" data-element_type=\"section\" data-e-type=\"section\">\n\t\t\t\t\t\t<div class=\"elementor-container elementor-column-gap-no\">\n\t\t\t\t\t<div class=\"elementor-column elementor-col-100 elementor-top-column elementor-element elementor-element-29c86451\" data-id=\"29c86451\" data-element_type=\"column\" data-e-type=\"column\">\n\t\t\t<div class=\"elementor-widget-wrap elementor-element-populated\">\n\t\t\t\t\t\t<div class=\"elementor-element elementor-element-23b202e elementor-widget elementor-widget-image\" data-id=\"23b202e\" data-element_type=\"widget\" data-e-type=\"widget\" data-widget_type=\"image.default\">\n\t\t\t\t<div class=\"elementor-widget-container\">\n\t\t\t\t\t\t\t\t\t\t\t\t\t\t\t<img decoding=\"async\" src=\"https:\/\/anderreuss.ch\/wp-content\/uploads\/2023\/02\/Hero_Versand-1.jpg\" title=\"\" alt=\"\" loading=\"lazy\" \/>\t\t\t\t\t\t\t\t\t\t\t\t\t\t\t<\/div>\n\t\t\t\t<\/div>\n\t\t\t\t\t<\/div>\n\t\t<\/div>\n\t\t\t\t\t<\/div>\n\t\t<\/section>\n\t\t\t\t<section class=\"elementor-section elementor-top-section elementor-element elementor-element-5fb069ce elementor-section-boxed elementor-section-height-default elementor-section-height-default\" data-id=\"5fb069ce\" data-element_type=\"section\" data-e-type=\"section\">\n\t\t\t\t\t\t<div class=\"elementor-container elementor-column-gap-default\">\n\t\t\t\t\t<div class=\"elementor-column elementor-col-100 elementor-top-column elementor-element elementor-element-4e0a8ab4\" data-id=\"4e0a8ab4\" data-element_type=\"column\" data-e-type=\"column\">\n\t\t\t<div class=\"elementor-widget-wrap elementor-element-populated\">\n\t\t\t\t\t\t<div class=\"elementor-element elementor-element-5f38da elementor-invisible elementor-widget elementor-widget-heading\" data-id=\"5f38da\" data-element_type=\"widget\" data-e-type=\"widget\" data-settings=\"{&quot;_animation&quot;:&quot;fadeInLeft&quot;}\" data-widget_type=\"heading.default\">\n\t\t\t\t<div class=\"elementor-widget-container\">\n\t\t\t\t\t<h1 class=\"elementor-heading-title elementor-size-default\">Pour vous, tout sera fin pr\u00eat<\/h1>\t\t\t\t<\/div>\n\t\t\t\t<\/div>\n\t\t\t\t<div class=\"elementor-element elementor-element-6a4f63c2 elementor-invisible elementor-widget elementor-widget-text-editor\" data-id=\"6a4f63c2\" data-element_type=\"widget\" data-e-type=\"widget\" data-settings=\"{&quot;_animation&quot;:&quot;fadeInRight&quot;}\" data-widget_type=\"text-editor.default\">\n\t\t\t\t<div class=\"elementor-widget-container\">\n\t\t\t\t\t\t\t\t\t<h2>Entreposage et exp\u00e9dition<\/h2>\n<div id=\"group4556\" class=\"cmsGroup cmsColSpan12 cmsCol1 cmsCol2 cmsCol3 cmsCol4 cmsCol5 cmsCol6 cmsCol7 cmsCol8 cmsCol9 cmsCol10 cmsCol11 cmsCol12\">\n<div id=\"cell4559\" class=\"cmsCell cmsColSpan12 cmsCol1 cmsCol2 cmsCol3 cmsCol4 cmsCol5 cmsCol6 cmsCol7 cmsCol8 cmsCol9 cmsCol10 cmsCol11 cmsCol12\">\n<p class=\"lead\">Si vous le souhaitez, nous pouvons organiser et pr\u00e9parer pour vous des envois postaux de toutes sortes. Il est aussi possible de louer des emplacements pour vos palettes dans notre d\u00e9p\u00f4t et nous les g\u00e9rerons pour vous.<\/p>\n<\/div>\n<\/div>\n\t\t\t\t\t\t\t\t<\/div>\n\t\t\t\t<\/div>\n\t\t\t\t\t<\/div>\n\t\t<\/div>\n\t\t\t\t\t<\/div>\n\t\t<\/section>\n\t\t<div class=\"elementor-element elementor-element-05cda8e e-flex e-con-boxed e-con e-parent\" data-id=\"05cda8e\" data-element_type=\"container\" data-e-type=\"container\">\n\t\t\t\t\t<div class=\"e-con-inner\">\n\t\t<div class=\"elementor-element elementor-element-0bcd140 e-con-full e-flex e-con e-parent\" data-id=\"0bcd140\" data-element_type=\"container\" data-e-type=\"container\">\n\t\t\t\t<div class=\"elementor-element elementor-element-e8d2ada _titleline elementor-widget elementor-widget-text-editor\" data-id=\"e8d2ada\" data-element_type=\"widget\" data-e-type=\"widget\" data-widget_type=\"text-editor.default\">\n\t\t\t\t<div class=\"elementor-widget-container\">\n\t\t\t\t\t\t\t\t\t<h3>L\u2019essentiel en un coup d\u2019\u0153il<\/h3>\n\t\t\t\t\t\t\t\t<\/div>\n\t\t\t\t<\/div>\n\t\t\t\t<\/div>\n\t\t<div class=\"elementor-element elementor-element-87afd3d e-con-full e-flex e-con e-parent\" data-id=\"87afd3d\" data-element_type=\"container\" data-e-type=\"container\">\n\t\t\t\t<div class=\"elementor-element elementor-element-ec1b44c elementor-widget elementor-widget-text-editor\" data-id=\"ec1b44c\" data-element_type=\"widget\" data-e-type=\"widget\" data-widget_type=\"text-editor.default\">\n\t\t\t\t<div class=\"elementor-widget-container\">\n\t\t\t\t\t\t\t\t\t<ul>\n<li>Envois de masse<\/li>\n<li>Envois de paquets<\/li>\n<li>Livraison chez vous ou chez vos clients<\/li>\n<li>Grand d\u00e9p\u00f4t \u00e0 disposition<\/li>\n<li>Gestion et administration professionnelles du d\u00e9p\u00f4t<\/li>\n<li>Transferts et envois dans la journ\u00e9e<\/li>\n<li>Niveau des stocks consultable en tout temps<\/li>\n<\/ul>\n\t\t\t\t\t\t\t\t<\/div>\n\t\t\t\t<\/div>\n\t\t\t\t<\/div>\n\t\t<div class=\"elementor-element elementor-element-e259cc4 e-con-full e-flex e-con e-parent\" data-id=\"e259cc4\" data-element_type=\"container\" data-e-type=\"container\">\n\t\t\t\t<div class=\"elementor-element elementor-element-06aabda gallery-spacing-custom elementor-widget elementor-widget-image-gallery\" data-id=\"06aabda\" data-element_type=\"widget\" data-e-type=\"widget\" data-widget_type=\"image-gallery.default\">\n\t\t\t\t<div class=\"elementor-widget-container\">\n\t\t\t\t\t\t\t<div class=\"elementor-image-gallery\">\n\t\t\t<div id='gallery-1' class='gallery galleryid-1947 gallery-columns-2 gallery-size-full'><figure class='gallery-item'>\n\t\t\t<div class='gallery-icon landscape'>\n\t\t\t\t<a data-elementor-open-lightbox=\"yes\" data-elementor-lightbox-slideshow=\"06aabda\" data-e-action-hash=\"#elementor-action%3Aaction%3Dlightbox%26settings%3DeyJpZCI6MTY4OSwidXJsIjoiaHR0cHM6XC9cL2FuZGVycmV1c3MuY2hcL3dwLWNvbnRlbnRcL3VwbG9hZHNcLzIwMjNcLzAyXC9TcGVkaTEuanBnIiwic2xpZGVzaG93IjoiMDZhYWJkYSJ9\" href='https:\/\/anderreuss.ch\/wp-content\/uploads\/2023\/02\/Spedi1.jpg'><img fetchpriority=\"high\" decoding=\"async\" width=\"800\" height=\"533\" src=\"https:\/\/anderreuss.ch\/wp-content\/uploads\/2023\/02\/Spedi1.jpg\" class=\"attachment-full size-full\" alt=\"\" srcset=\"https:\/\/anderreuss.ch\/wp-content\/uploads\/2023\/02\/Spedi1.jpg 800w, https:\/\/anderreuss.ch\/wp-content\/uploads\/2023\/02\/Spedi1-300x200.jpg 300w, https:\/\/anderreuss.ch\/wp-content\/uploads\/2023\/02\/Spedi1-768x512.jpg 768w\" sizes=\"(max-width: 800px) 100vw, 800px\" \/><\/a>\n\t\t\t<\/div><\/figure><figure class='gallery-item'>\n\t\t\t<div class='gallery-icon landscape'>\n\t\t\t\t<a data-elementor-open-lightbox=\"yes\" data-elementor-lightbox-slideshow=\"06aabda\" data-e-action-hash=\"#elementor-action%3Aaction%3Dlightbox%26settings%3DeyJpZCI6MTY4OCwidXJsIjoiaHR0cHM6XC9cL2FuZGVycmV1c3MuY2hcL3dwLWNvbnRlbnRcL3VwbG9hZHNcLzIwMjNcLzAyXC9QYWxldHRlbl9iaW5kZW4uanBnIiwic2xpZGVzaG93IjoiMDZhYWJkYSJ9\" href='https:\/\/anderreuss.ch\/wp-content\/uploads\/2023\/02\/Paletten_binden.jpg'><img decoding=\"async\" width=\"2000\" height=\"1333\" src=\"https:\/\/anderreuss.ch\/wp-content\/uploads\/2023\/02\/Paletten_binden.jpg\" class=\"attachment-full size-full\" alt=\"\" srcset=\"https:\/\/anderreuss.ch\/wp-content\/uploads\/2023\/02\/Paletten_binden.jpg 2000w, https:\/\/anderreuss.ch\/wp-content\/uploads\/2023\/02\/Paletten_binden-300x200.jpg 300w, https:\/\/anderreuss.ch\/wp-content\/uploads\/2023\/02\/Paletten_binden-1024x682.jpg 1024w, https:\/\/anderreuss.ch\/wp-content\/uploads\/2023\/02\/Paletten_binden-768x512.jpg 768w, https:\/\/anderreuss.ch\/wp-content\/uploads\/2023\/02\/Paletten_binden-1536x1024.jpg 1536w\" sizes=\"(max-width: 2000px) 100vw, 2000px\" \/><\/a>\n\t\t\t<\/div><\/figure>\n\t\t<\/div>\n\t\t<\/div>\n\t\t\t\t\t\t<\/div>\n\t\t\t\t<\/div>\n\t\t\t\t<\/div>\n\t\t\t\t\t<\/div>\n\t\t\t\t<\/div>\n\t\t\t\t<\/div>\n\t\t","protected":false},"excerpt":{"rendered":"<p>Pour vous, tout sera fin pr\u00eat Entreposage et exp\u00e9dition Si vous le souhaitez, nous pouvons organiser et pr\u00e9parer pour vous des envois postaux de toutes sortes. Il est aussi possible de louer des emplacements pour vos palettes dans notre d\u00e9p\u00f4t et nous les g\u00e9rerons pour vous. L\u2019essentiel en un coup d\u2019\u0153il Envois de masse Envois [&hellip;]<\/p>\n","protected":false},"author":1,"featured_media":0,"parent":1794,"menu_order":80,"comment_status":"closed","ping_status":"closed","template":"","meta":{"footnotes":""},"class_list":["post-1947","page","type-page","status-publish","hentry"],"_links":{"self":[{"href":"https:\/\/anderreuss.ch\/fr\/wp-json\/wp\/v2\/pages\/1947","targetHints":{"allow":["GET"]}}],"collection":[{"href":"https:\/\/anderreuss.ch\/fr\/wp-json\/wp\/v2\/pages"}],"about":[{"href":"https:\/\/anderreuss.ch\/fr\/wp-json\/wp\/v2\/types\/page"}],"author":[{"embeddable":true,"href":"https:\/\/anderreuss.ch\/fr\/wp-json\/wp\/v2\/users\/1"}],"replies":[{"embeddable":true,"href":"https:\/\/anderreuss.ch\/fr\/wp-json\/wp\/v2\/comments?post=1947"}],"version-history":[{"count":0,"href":"https:\/\/anderreuss.ch\/fr\/wp-json\/wp\/v2\/pages\/1947\/revisions"}],"up":[{"embeddable":true,"href":"https:\/\/anderreuss.ch\/fr\/wp-json\/wp\/v2\/pages\/1794"}],"wp:attachment":[{"href":"https:\/\/anderreuss.ch\/fr\/wp-json\/wp\/v2\/media?parent=1947"}],"curies":[{"name":"wp","href":"https:\/\/api.w.org\/{rel}","templated":true}]}}