{"id":1943,"date":"2023-02-06T16:08:04","date_gmt":"2023-02-06T15:08:04","guid":{"rendered":"https:\/\/anderreuss.ch\/startseite\/notre-metier\/rainer-plier\/"},"modified":"2023-02-14T17:24:03","modified_gmt":"2023-02-14T16:24:03","slug":"rainer-plier","status":"publish","type":"page","link":"https:\/\/anderreuss.ch\/fr\/startseite\/notre-metier\/rainer-plier\/","title":{"rendered":"Rainer\/Plier"},"content":{"rendered":"\t\t<div data-elementor-type=\"wp-page\" data-elementor-id=\"1943\" class=\"elementor elementor-1943 elementor-901\" data-elementor-post-type=\"page\">\n\t\t\t\t\t\t<section class=\"elementor-section elementor-top-section elementor-element elementor-element-1a1233f1 elementor-section-full_width elementor-section-content-top elementor-section-height-default elementor-section-height-default\" data-id=\"1a1233f1\" data-element_type=\"section\" data-e-type=\"section\">\n\t\t\t\t\t\t<div class=\"elementor-container elementor-column-gap-no\">\n\t\t\t\t\t<div class=\"elementor-column elementor-col-100 elementor-top-column elementor-element elementor-element-29c86451\" data-id=\"29c86451\" data-element_type=\"column\" data-e-type=\"column\">\n\t\t\t<div class=\"elementor-widget-wrap elementor-element-populated\">\n\t\t\t\t\t\t<div class=\"elementor-element elementor-element-23b202e elementor-widget elementor-widget-image\" data-id=\"23b202e\" data-element_type=\"widget\" data-e-type=\"widget\" data-widget_type=\"image.default\">\n\t\t\t\t<div class=\"elementor-widget-container\">\n\t\t\t\t\t\t\t\t\t\t\t\t\t\t\t<img decoding=\"async\" src=\"https:\/\/anderreuss.ch\/wp-content\/uploads\/2023\/02\/hero_Rillen-Falzen.jpg\" title=\"\" alt=\"\" loading=\"lazy\" \/>\t\t\t\t\t\t\t\t\t\t\t\t\t\t\t<\/div>\n\t\t\t\t<\/div>\n\t\t\t\t\t<\/div>\n\t\t<\/div>\n\t\t\t\t\t<\/div>\n\t\t<\/section>\n\t\t\t\t<section class=\"elementor-section elementor-top-section elementor-element elementor-element-5fb069ce elementor-section-boxed elementor-section-height-default elementor-section-height-default\" data-id=\"5fb069ce\" data-element_type=\"section\" data-e-type=\"section\">\n\t\t\t\t\t\t<div class=\"elementor-container elementor-column-gap-default\">\n\t\t\t\t\t<div class=\"elementor-column elementor-col-100 elementor-top-column elementor-element elementor-element-4e0a8ab4\" data-id=\"4e0a8ab4\" data-element_type=\"column\" data-e-type=\"column\">\n\t\t\t<div class=\"elementor-widget-wrap elementor-element-populated\">\n\t\t\t\t\t\t<div class=\"elementor-element elementor-element-5f38da elementor-invisible elementor-widget elementor-widget-heading\" data-id=\"5f38da\" data-element_type=\"widget\" data-e-type=\"widget\" data-settings=\"{&quot;_animation&quot;:&quot;fadeInLeft&quot;}\" data-widget_type=\"heading.default\">\n\t\t\t\t<div class=\"elementor-widget-container\">\n\t\t\t\t\t<h1 class=\"elementor-heading-title elementor-size-default\">Nous avons tout un \u00e9ventail de possibilit\u00e9s pour vos pages<\/h1>\t\t\t\t<\/div>\n\t\t\t\t<\/div>\n\t\t\t\t<div class=\"elementor-element elementor-element-6a4f63c2 elementor-invisible elementor-widget elementor-widget-text-editor\" data-id=\"6a4f63c2\" data-element_type=\"widget\" data-e-type=\"widget\" data-settings=\"{&quot;_animation&quot;:&quot;fadeInRight&quot;}\" data-widget_type=\"text-editor.default\">\n\t\t\t\t<div class=\"elementor-widget-container\">\n\t\t\t\t\t\t\t\t\t<h2>Rainer\/Plier en ligne<\/h2>\n<div id=\"group4524\" class=\"cmsGroup cmsColSpan12 cmsCol1 cmsCol2 cmsCol3 cmsCol4 cmsCol5 cmsCol6 cmsCol7 cmsCol8 cmsCol9 cmsCol10 cmsCol11 cmsCol12\">\n<div id=\"cell4527\" class=\"cmsCell cmsColSpan12 cmsCol1 cmsCol2 cmsCol3 cmsCol4 cmsCol5 cmsCol6 cmsCol7 cmsCol8 cmsCol9 cmsCol10 cmsCol11 cmsCol12\">\n<p class=\"lead\">Gr\u00e2ce \u00e0 une plieuse tr\u00e8s performante, nous sommes pr\u00eats \u00e0 prendre en charge n\u2019importe quel imprim\u00e9, pourvu qu\u2019il comporte au moins deux pages. Plis portefeuille, 10 plis parall\u00e8les, plis crois\u00e9s jusqu\u2019\u00e0 4 fois, feuille imprim\u00e9e, qui peut \u00eatre d\u2019abord rain\u00e9e puis seulement ensuite pli\u00e9e, et naturellement aussi n\u2019importe quel fa\u00e7onnage \u00abnormal\u00bb peuvent \u00eatre r\u00e9alis\u00e9s sur notre table de pliage. Si vos propres plieuses sont \u00e0 la limite de leurs possibilit\u00e9s, par exemple, vous pouvez aussi compter sur nous.<\/p>\n<\/div>\n<\/div>\n\t\t\t\t\t\t\t\t<\/div>\n\t\t\t\t<\/div>\n\t\t\t\t\t<\/div>\n\t\t<\/div>\n\t\t\t\t\t<\/div>\n\t\t<\/section>\n\t\t<div class=\"elementor-element elementor-element-05cda8e e-flex e-con-boxed e-con e-parent\" data-id=\"05cda8e\" data-element_type=\"container\" data-e-type=\"container\">\n\t\t\t\t\t<div class=\"e-con-inner\">\n\t\t<div class=\"elementor-element elementor-element-0bcd140 e-con-full e-flex e-con e-parent\" data-id=\"0bcd140\" data-element_type=\"container\" data-e-type=\"container\">\n\t\t\t\t<div class=\"elementor-element elementor-element-e8d2ada _titleline elementor-widget elementor-widget-text-editor\" data-id=\"e8d2ada\" data-element_type=\"widget\" data-e-type=\"widget\" data-widget_type=\"text-editor.default\">\n\t\t\t\t<div class=\"elementor-widget-container\">\n\t\t\t\t\t\t\t\t\t<h3>L\u2019essentiel en un coup d\u2019\u0153il<\/h3>\n\t\t\t\t\t\t\t\t<\/div>\n\t\t\t\t<\/div>\n\t\t\t\t<\/div>\n\t\t<div class=\"elementor-element elementor-element-87afd3d e-con-full e-flex e-con e-parent\" data-id=\"87afd3d\" data-element_type=\"container\" data-e-type=\"container\">\n\t\t\t\t<div class=\"elementor-element elementor-element-ec1b44c elementor-widget elementor-widget-text-editor\" data-id=\"ec1b44c\" data-element_type=\"widget\" data-e-type=\"widget\" data-widget_type=\"text-editor.default\">\n\t\t\t\t<div class=\"elementor-widget-container\">\n\t\t\t\t\t\t\t\t\t<div id=\"group4531\" class=\"cmsGroup cmsColSpan8 cmsCol1 cmsCol2 cmsCol3 cmsCol4 cmsCol5 cmsCol6 cmsCol7 cmsCol8\">\n<div id=\"cell4532\" class=\"cmsCell cmsColSpan6 cmsCol1 cmsCol2 cmsCol3 cmsCol4 cmsCol5 cmsCol6\">\n<ul>\n<li>Pliage jusqu\u2019\u00e0 une largeur en entr\u00e9e de 76 cm<\/li>\n<li>Plis crois\u00e9s; jusqu\u2019\u00e0 4 plis (32x)<\/li>\n<li>Pliage parall\u00e8le; jusqu\u2019\u00e0 8 plis<\/li>\n<li>Plis portefeuille<\/li>\n<li>Papiers d\u00e8s 60 g\/m\u00b2<\/li>\n<li>Double production (voire davantage)<\/li>\n<\/ul>\n<\/div>\n<\/div>\n\t\t\t\t\t\t\t\t<\/div>\n\t\t\t\t<\/div>\n\t\t\t\t<\/div>\n\t\t<div class=\"elementor-element elementor-element-d44a02d e-con-full e-flex e-con e-parent\" data-id=\"d44a02d\" data-element_type=\"container\" data-e-type=\"container\">\n\t\t\t\t<div class=\"elementor-element elementor-element-2db473b elementor-widget__width-initial elementor-absolute elementor-widget elementor-widget-spacer\" data-id=\"2db473b\" data-element_type=\"widget\" data-e-type=\"widget\" data-settings=\"{&quot;_position&quot;:&quot;absolute&quot;}\" data-widget_type=\"spacer.default\">\n\t\t\t\t<div class=\"elementor-widget-container\">\n\t\t\t\t\t\t\t<div class=\"elementor-spacer\">\n\t\t\t<div class=\"elementor-spacer-inner\"><\/div>\n\t\t<\/div>\n\t\t\t\t\t\t<\/div>\n\t\t\t\t<\/div>\n\t\t\t\t<div class=\"elementor-element elementor-element-ccca997 elementor-widget elementor-widget-text-editor\" data-id=\"ccca997\" data-element_type=\"widget\" data-e-type=\"widget\" data-widget_type=\"text-editor.default\">\n\t\t\t\t<div class=\"elementor-widget-container\">\n\t\t\t\t\t\t\t\t\t<h3>Download<\/h3>\n<p>Vous trouverez d\u2019autres renseignements sur le rainage et le pliage en consultant nos notices d\u2019information.<\/p>\n\t\t\t\t\t\t\t\t<\/div>\n\t\t\t\t<\/div>\n\t\t\t\t<div class=\"elementor-element elementor-element-4d7a654 elementor-position-inline-start elementor-view-default elementor-mobile-position-block-start elementor-widget elementor-widget-icon-box\" data-id=\"4d7a654\" data-element_type=\"widget\" data-e-type=\"widget\" data-widget_type=\"icon-box.default\">\n\t\t\t\t<div class=\"elementor-widget-container\">\n\t\t\t\t\t\t\t<div class=\"elementor-icon-box-wrapper\">\n\n\t\t\t\t\t\t<div class=\"elementor-icon-box-icon\">\n\t\t\t\t<a href=\"https:\/\/anderreuss.ch\/wp-content\/uploads\/2023\/02\/Rillen_Falzen.pdf\" target=\"_blank\" class=\"elementor-icon elementor-animation-grow\" tabindex=\"-1\" aria-label=\"PDF Rillen-Falzen\">\n\t\t\t\t<i aria-hidden=\"true\" class=\"far fa-file-pdf\"><\/i>\t\t\t\t<\/a>\n\t\t\t<\/div>\n\t\t\t\n\t\t\t\t\t\t<div class=\"elementor-icon-box-content\">\n\n\t\t\t\t\t\t\t\t\t<p class=\"elementor-icon-box-title\">\n\t\t\t\t\t\t<a href=\"https:\/\/anderreuss.ch\/wp-content\/uploads\/2023\/02\/Rillen_Falzen.pdf\" target=\"_blank\" >\n\t\t\t\t\t\t\tPDF Rillen-Falzen\t\t\t\t\t\t<\/a>\n\t\t\t\t\t<\/p>\n\t\t\t\t\n\t\t\t\t\n\t\t\t<\/div>\n\t\t\t\n\t\t<\/div>\n\t\t\t\t\t\t<\/div>\n\t\t\t\t<\/div>\n\t\t\t\t<div class=\"elementor-element elementor-element-666648c elementor-position-inline-start elementor-view-default elementor-mobile-position-block-start elementor-widget elementor-widget-icon-box\" data-id=\"666648c\" data-element_type=\"widget\" data-e-type=\"widget\" data-widget_type=\"icon-box.default\">\n\t\t\t\t<div class=\"elementor-widget-container\">\n\t\t\t\t\t\t\t<div class=\"elementor-icon-box-wrapper\">\n\n\t\t\t\t\t\t<div class=\"elementor-icon-box-icon\">\n\t\t\t\t<a href=\"https:\/\/anderreuss.ch\/wp-content\/uploads\/2023\/02\/Mehrfachnutzen.pdf\" target=\"_blank\" class=\"elementor-icon elementor-animation-grow\" tabindex=\"-1\" aria-label=\"PDF Mehrfachnutzen\">\n\t\t\t\t<i aria-hidden=\"true\" class=\"far fa-file-pdf\"><\/i>\t\t\t\t<\/a>\n\t\t\t<\/div>\n\t\t\t\n\t\t\t\t\t\t<div class=\"elementor-icon-box-content\">\n\n\t\t\t\t\t\t\t\t\t<p class=\"elementor-icon-box-title\">\n\t\t\t\t\t\t<a href=\"https:\/\/anderreuss.ch\/wp-content\/uploads\/2023\/02\/Mehrfachnutzen.pdf\" target=\"_blank\" >\n\t\t\t\t\t\t\tPDF Mehrfachnutzen\t\t\t\t\t\t<\/a>\n\t\t\t\t\t<\/p>\n\t\t\t\t\n\t\t\t\t\n\t\t\t<\/div>\n\t\t\t\n\t\t<\/div>\n\t\t\t\t\t\t<\/div>\n\t\t\t\t<\/div>\n\t\t\t\t<\/div>\n\t\t<div class=\"elementor-element elementor-element-f94bb6c e-con-full e-flex e-con e-parent\" data-id=\"f94bb6c\" data-element_type=\"container\" data-e-type=\"container\">\n\t\t\t\t<div class=\"elementor-element elementor-element-0366d08 elementor-widget elementor-widget-video\" data-id=\"0366d08\" data-element_type=\"widget\" data-e-type=\"widget\" data-settings=\"{&quot;youtube_url&quot;:&quot;https:\\\/\\\/youtu.be\\\/suzo_kBuoc0&quot;,&quot;video_type&quot;:&quot;youtube&quot;,&quot;controls&quot;:&quot;yes&quot;}\" data-widget_type=\"video.default\">\n\t\t\t\t<div class=\"elementor-widget-container\">\n\t\t\t\t\t\t\t<div class=\"elementor-wrapper elementor-open-inline\">\n\t\t\t<div class=\"elementor-video\"><\/div>\t\t<\/div>\n\t\t\t\t\t\t<\/div>\n\t\t\t\t<\/div>\n\t\t\t\t<\/div>\n\t\t<div class=\"elementor-element elementor-element-e259cc4 e-con-full e-flex e-con e-parent\" data-id=\"e259cc4\" data-element_type=\"container\" data-e-type=\"container\">\n\t\t\t\t<div class=\"elementor-element elementor-element-4fb5a12 gallery-spacing-custom elementor-widget elementor-widget-image-gallery\" data-id=\"4fb5a12\" data-element_type=\"widget\" data-e-type=\"widget\" data-widget_type=\"image-gallery.default\">\n\t\t\t\t<div class=\"elementor-widget-container\">\n\t\t\t\t\t\t\t<div class=\"elementor-image-gallery\">\n\t\t\t<div id='gallery-1' class='gallery galleryid-1943 gallery-columns-1 gallery-size-full'><figure class='gallery-item'>\n\t\t\t<div class='gallery-icon landscape'>\n\t\t\t\t<a data-elementor-open-lightbox=\"yes\" data-elementor-lightbox-slideshow=\"4fb5a12\" data-e-action-hash=\"#elementor-action%3Aaction%3Dlightbox%26settings%3DeyJpZCI6MTY4NSwidXJsIjoiaHR0cHM6XC9cL2FuZGVycmV1c3MuY2hcL3dwLWNvbnRlbnRcL3VwbG9hZHNcLzIwMjNcLzAyXC9mYWx6ZW4xLmpwZyIsInNsaWRlc2hvdyI6IjRmYjVhMTIifQ%3D%3D\" href='https:\/\/anderreuss.ch\/wp-content\/uploads\/2023\/02\/falzen1.jpg'><img fetchpriority=\"high\" decoding=\"async\" width=\"800\" height=\"533\" src=\"https:\/\/anderreuss.ch\/wp-content\/uploads\/2023\/02\/falzen1.jpg\" class=\"attachment-full size-full\" alt=\"\" srcset=\"https:\/\/anderreuss.ch\/wp-content\/uploads\/2023\/02\/falzen1.jpg 800w, https:\/\/anderreuss.ch\/wp-content\/uploads\/2023\/02\/falzen1-300x200.jpg 300w, https:\/\/anderreuss.ch\/wp-content\/uploads\/2023\/02\/falzen1-768x512.jpg 768w\" sizes=\"(max-width: 800px) 100vw, 800px\" \/><\/a>\n\t\t\t<\/div><\/figure>\n\t\t<\/div>\n\t\t<\/div>\n\t\t\t\t\t\t<\/div>\n\t\t\t\t<\/div>\n\t\t\t\t<\/div>\n\t\t\t\t\t<\/div>\n\t\t\t\t<\/div>\n\t\t\t\t<\/div>\n\t\t","protected":false},"excerpt":{"rendered":"<p>Nous avons tout un \u00e9ventail de possibilit\u00e9s pour vos pages Rainer\/Plier en ligne Gr\u00e2ce \u00e0 une plieuse tr\u00e8s performante, nous sommes pr\u00eats \u00e0 prendre en charge n\u2019importe quel imprim\u00e9, pourvu qu\u2019il comporte au moins deux pages. Plis portefeuille, 10 plis parall\u00e8les, plis crois\u00e9s jusqu\u2019\u00e0 4 fois, feuille imprim\u00e9e, qui peut \u00eatre d\u2019abord rain\u00e9e puis seulement [&hellip;]<\/p>\n","protected":false},"author":1,"featured_media":0,"parent":1794,"menu_order":60,"comment_status":"closed","ping_status":"closed","template":"","meta":{"footnotes":""},"class_list":["post-1943","page","type-page","status-publish","hentry"],"_links":{"self":[{"href":"https:\/\/anderreuss.ch\/fr\/wp-json\/wp\/v2\/pages\/1943","targetHints":{"allow":["GET"]}}],"collection":[{"href":"https:\/\/anderreuss.ch\/fr\/wp-json\/wp\/v2\/pages"}],"about":[{"href":"https:\/\/anderreuss.ch\/fr\/wp-json\/wp\/v2\/types\/page"}],"author":[{"embeddable":true,"href":"https:\/\/anderreuss.ch\/fr\/wp-json\/wp\/v2\/users\/1"}],"replies":[{"embeddable":true,"href":"https:\/\/anderreuss.ch\/fr\/wp-json\/wp\/v2\/comments?post=1943"}],"version-history":[{"count":0,"href":"https:\/\/anderreuss.ch\/fr\/wp-json\/wp\/v2\/pages\/1943\/revisions"}],"up":[{"embeddable":true,"href":"https:\/\/anderreuss.ch\/fr\/wp-json\/wp\/v2\/pages\/1794"}],"wp:attachment":[{"href":"https:\/\/anderreuss.ch\/fr\/wp-json\/wp\/v2\/media?parent=1943"}],"curies":[{"name":"wp","href":"https:\/\/api.w.org\/{rel}","templated":true}]}}