{"id":1939,"date":"2023-01-13T10:30:38","date_gmt":"2023-01-13T09:30:38","guid":{"rendered":"https:\/\/anderreuss.ch\/conditions-generales\/"},"modified":"2024-07-08T16:05:18","modified_gmt":"2024-07-08T14:05:18","slug":"conditions-generales","status":"publish","type":"page","link":"https:\/\/anderreuss.ch\/fr\/conditions-generales\/","title":{"rendered":"Conditions g\u00e9n\u00e9rales"},"content":{"rendered":"\t\t<div data-elementor-type=\"wp-page\" data-elementor-id=\"1939\" class=\"elementor elementor-1939 elementor-101\" data-elementor-post-type=\"page\">\n\t\t\t\t\t\t<section class=\"elementor-section elementor-top-section elementor-element elementor-element-6f320ccf elementor-section-full_width elementor-section-content-top elementor-section-height-default elementor-section-height-default\" data-id=\"6f320ccf\" data-element_type=\"section\" data-e-type=\"section\">\n\t\t\t\t\t\t<div class=\"elementor-container elementor-column-gap-no\">\n\t\t\t\t\t<div class=\"elementor-column elementor-col-100 elementor-top-column elementor-element elementor-element-39f656da\" data-id=\"39f656da\" data-element_type=\"column\" data-e-type=\"column\">\n\t\t\t<div class=\"elementor-widget-wrap elementor-element-populated\">\n\t\t\t\t\t\t<div class=\"elementor-element elementor-element-891f735 elementor-widget elementor-widget-image\" data-id=\"891f735\" data-element_type=\"widget\" data-e-type=\"widget\" data-widget_type=\"image.default\">\n\t\t\t\t<div class=\"elementor-widget-container\">\n\t\t\t\t\t\t\t\t\t\t\t\t\t\t\t<img fetchpriority=\"high\" decoding=\"async\" width=\"1680\" height=\"337\" src=\"https:\/\/anderreuss.ch\/wp-content\/uploads\/2023\/02\/Hero_Drahtheften.jpg\" class=\"attachment-full size-full wp-image-1674\" alt=\"\" srcset=\"https:\/\/anderreuss.ch\/wp-content\/uploads\/2023\/02\/Hero_Drahtheften.jpg 1680w, https:\/\/anderreuss.ch\/wp-content\/uploads\/2023\/02\/Hero_Drahtheften-300x60.jpg 300w, https:\/\/anderreuss.ch\/wp-content\/uploads\/2023\/02\/Hero_Drahtheften-1024x205.jpg 1024w, https:\/\/anderreuss.ch\/wp-content\/uploads\/2023\/02\/Hero_Drahtheften-768x154.jpg 768w, https:\/\/anderreuss.ch\/wp-content\/uploads\/2023\/02\/Hero_Drahtheften-1536x308.jpg 1536w\" sizes=\"(max-width: 1680px) 100vw, 1680px\" \/>\t\t\t\t\t\t\t\t\t\t\t\t\t\t\t<\/div>\n\t\t\t\t<\/div>\n\t\t\t\t\t<\/div>\n\t\t<\/div>\n\t\t\t\t\t<\/div>\n\t\t<\/section>\n\t\t\t\t<section class=\"elementor-section elementor-top-section elementor-element elementor-element-534cf241 elementor-section-boxed elementor-section-height-default elementor-section-height-default\" data-id=\"534cf241\" data-element_type=\"section\" data-e-type=\"section\">\n\t\t\t\t\t\t<div class=\"elementor-container elementor-column-gap-default\">\n\t\t\t\t\t<div class=\"elementor-column elementor-col-100 elementor-top-column elementor-element elementor-element-3d4c5e8d\" data-id=\"3d4c5e8d\" data-element_type=\"column\" data-e-type=\"column\">\n\t\t\t<div class=\"elementor-widget-wrap elementor-element-populated\">\n\t\t\t\t\t\t<div class=\"elementor-element elementor-element-3a0943d4 elementor-invisible elementor-widget elementor-widget-heading\" data-id=\"3a0943d4\" data-element_type=\"widget\" data-e-type=\"widget\" data-settings=\"{&quot;_animation&quot;:&quot;fadeInLeft&quot;}\" data-widget_type=\"heading.default\">\n\t\t\t\t<div class=\"elementor-widget-container\">\n\t\t\t\t\t<h1 class=\"elementor-heading-title elementor-size-default\">Conditions g\u00e9n\u00e9rales<\/h1>\t\t\t\t<\/div>\n\t\t\t\t<\/div>\n\t\t\t\t\t<\/div>\n\t\t<\/div>\n\t\t\t\t\t<\/div>\n\t\t<\/section>\n\t\t<div class=\"elementor-element elementor-element-6e1d27b e-flex e-con-boxed e-con e-parent\" data-id=\"6e1d27b\" data-element_type=\"container\" data-e-type=\"container\">\n\t\t\t\t\t<div class=\"e-con-inner\">\n\t\t<div class=\"elementor-element elementor-element-00c4e26 e-con-full e-flex e-con e-child\" data-id=\"00c4e26\" data-element_type=\"container\" data-e-type=\"container\">\n\t\t\t\t<div class=\"elementor-element elementor-element-b83392d elementor-widget__width-initial elementor-absolute elementor-widget elementor-widget-spacer\" data-id=\"b83392d\" data-element_type=\"widget\" data-e-type=\"widget\" data-settings=\"{&quot;_position&quot;:&quot;absolute&quot;}\" data-widget_type=\"spacer.default\">\n\t\t\t\t<div class=\"elementor-widget-container\">\n\t\t\t\t\t\t\t<div class=\"elementor-spacer\">\n\t\t\t<div class=\"elementor-spacer-inner\"><\/div>\n\t\t<\/div>\n\t\t\t\t\t\t<\/div>\n\t\t\t\t<\/div>\n\t\t\t\t<div class=\"elementor-element elementor-element-7549845 elementor-widget elementor-widget-text-editor\" data-id=\"7549845\" data-element_type=\"widget\" data-e-type=\"widget\" data-widget_type=\"text-editor.default\">\n\t\t\t\t<div class=\"elementor-widget-container\">\n\t\t\t\t\t\t\t\t\t<h3>Conditions g\u00e9n\u00e9rales dp suisse (2023)<\/h3>\t\t\t\t\t\t\t\t<\/div>\n\t\t\t\t<\/div>\n\t\t\t\t<div class=\"elementor-element elementor-element-3bdf9e9 elementor-position-inline-start elementor-view-default elementor-mobile-position-block-start elementor-widget elementor-widget-icon-box\" data-id=\"3bdf9e9\" data-element_type=\"widget\" data-e-type=\"widget\" data-widget_type=\"icon-box.default\">\n\t\t\t\t<div class=\"elementor-widget-container\">\n\t\t\t\t\t\t\t<div class=\"elementor-icon-box-wrapper\">\n\n\t\t\t\t\t\t<div class=\"elementor-icon-box-icon\">\n\t\t\t\t<a href=\"https:\/\/anderreuss.ch\/wp-content\/uploads\/2024\/02\/DIV_Ueberarbeitung-AGB-2023-fr_dpsuisse.pdf\" target=\"_blank\" class=\"elementor-icon elementor-animation-grow\" tabindex=\"-1\" aria-label=\"conditions generales dp suisse 2023\">\n\t\t\t\t<i aria-hidden=\"true\" class=\"far fa-file-pdf\"><\/i>\t\t\t\t<\/a>\n\t\t\t<\/div>\n\t\t\t\n\t\t\t\t\t\t<div class=\"elementor-icon-box-content\">\n\n\t\t\t\t\t\t\t\t\t<p class=\"elementor-icon-box-title\">\n\t\t\t\t\t\t<a href=\"https:\/\/anderreuss.ch\/wp-content\/uploads\/2024\/02\/DIV_Ueberarbeitung-AGB-2023-fr_dpsuisse.pdf\" target=\"_blank\" >\n\t\t\t\t\t\t\tconditions generales dp suisse 2023\t\t\t\t\t\t<\/a>\n\t\t\t\t\t<\/p>\n\t\t\t\t\n\t\t\t\t\n\t\t\t<\/div>\n\t\t\t\n\t\t<\/div>\n\t\t\t\t\t\t<\/div>\n\t\t\t\t<\/div>\n\t\t\t\t<\/div>\n\t\t<div class=\"elementor-element elementor-element-7c34b40 e-con-full e-flex e-con e-child\" data-id=\"7c34b40\" data-element_type=\"container\" data-e-type=\"container\">\n\t\t\t\t<div class=\"elementor-element elementor-element-e264233 elementor-widget__width-initial elementor-absolute elementor-widget elementor-widget-spacer\" data-id=\"e264233\" data-element_type=\"widget\" data-e-type=\"widget\" data-settings=\"{&quot;_position&quot;:&quot;absolute&quot;}\" data-widget_type=\"spacer.default\">\n\t\t\t\t<div class=\"elementor-widget-container\">\n\t\t\t\t\t\t\t<div class=\"elementor-spacer\">\n\t\t\t<div class=\"elementor-spacer-inner\"><\/div>\n\t\t<\/div>\n\t\t\t\t\t\t<\/div>\n\t\t\t\t<\/div>\n\t\t\t\t<div class=\"elementor-element elementor-element-660b664 elementor-widget elementor-widget-text-editor\" data-id=\"660b664\" data-element_type=\"widget\" data-e-type=\"widget\" data-widget_type=\"text-editor.default\">\n\t\t\t\t<div class=\"elementor-widget-container\">\n\t\t\t\t\t\t\t\t\t<h3>Prescriptions techniques dp suisse (2023)<\/h3>\t\t\t\t\t\t\t\t<\/div>\n\t\t\t\t<\/div>\n\t\t\t\t<div class=\"elementor-element elementor-element-e48927d elementor-position-inline-start elementor-view-default elementor-mobile-position-block-start elementor-widget elementor-widget-icon-box\" data-id=\"e48927d\" data-element_type=\"widget\" data-e-type=\"widget\" data-widget_type=\"icon-box.default\">\n\t\t\t\t<div class=\"elementor-widget-container\">\n\t\t\t\t\t\t\t<div class=\"elementor-icon-box-wrapper\">\n\n\t\t\t\t\t\t<div class=\"elementor-icon-box-icon\">\n\t\t\t\t<a href=\"https:\/\/anderreuss.ch\/wp-content\/uploads\/2024\/07\/dpsuisse_technische_anforderungen_2023_franz-def.-28.3.24.pdf\" target=\"_blank\" class=\"elementor-icon elementor-animation-grow\" tabindex=\"-1\" aria-label=\"prescription techniques dp suisse 2023\">\n\t\t\t\t<i aria-hidden=\"true\" class=\"far fa-file-pdf\"><\/i>\t\t\t\t<\/a>\n\t\t\t<\/div>\n\t\t\t\n\t\t\t\t\t\t<div class=\"elementor-icon-box-content\">\n\n\t\t\t\t\t\t\t\t\t<p class=\"elementor-icon-box-title\">\n\t\t\t\t\t\t<a href=\"https:\/\/anderreuss.ch\/wp-content\/uploads\/2024\/07\/dpsuisse_technische_anforderungen_2023_franz-def.-28.3.24.pdf\" target=\"_blank\" >\n\t\t\t\t\t\t\tprescription techniques dp suisse 2023\t\t\t\t\t\t<\/a>\n\t\t\t\t\t<\/p>\n\t\t\t\t\n\t\t\t\t\n\t\t\t<\/div>\n\t\t\t\n\t\t<\/div>\n\t\t\t\t\t\t<\/div>\n\t\t\t\t<\/div>\n\t\t\t\t<\/div>\n\t\t<div class=\"elementor-element elementor-element-9187cd4 e-con-full e-flex e-con e-child\" data-id=\"9187cd4\" data-element_type=\"container\" data-e-type=\"container\">\n\t\t\t\t<div class=\"elementor-element elementor-element-4ac3b47 elementor-widget__width-initial elementor-absolute elementor-widget elementor-widget-spacer\" data-id=\"4ac3b47\" data-element_type=\"widget\" data-e-type=\"widget\" data-settings=\"{&quot;_position&quot;:&quot;absolute&quot;}\" data-widget_type=\"spacer.default\">\n\t\t\t\t<div class=\"elementor-widget-container\">\n\t\t\t\t\t\t\t<div class=\"elementor-spacer\">\n\t\t\t<div class=\"elementor-spacer-inner\"><\/div>\n\t\t<\/div>\n\t\t\t\t\t\t<\/div>\n\t\t\t\t<\/div>\n\t\t\t\t<div class=\"elementor-element elementor-element-187dfcd elementor-widget elementor-widget-text-editor\" data-id=\"187dfcd\" data-element_type=\"widget\" data-e-type=\"widget\" data-widget_type=\"text-editor.default\">\n\t\t\t\t<div class=\"elementor-widget-container\">\n\t\t\t\t\t\t\t\t\t<h3>Guide et d\u00e9finition des tol\u00e9rances (2016)<\/h3>\n\t\t\t\t\t\t\t\t<\/div>\n\t\t\t\t<\/div>\n\t\t\t\t<div class=\"elementor-element elementor-element-8fd92a5 elementor-position-inline-start elementor-view-default elementor-mobile-position-block-start elementor-widget elementor-widget-icon-box\" data-id=\"8fd92a5\" data-element_type=\"widget\" data-e-type=\"widget\" data-widget_type=\"icon-box.default\">\n\t\t\t\t<div class=\"elementor-widget-container\">\n\t\t\t\t\t\t\t<div class=\"elementor-icon-box-wrapper\">\n\n\t\t\t\t\t\t<div class=\"elementor-icon-box-icon\">\n\t\t\t\t<a href=\"https:\/\/anderreuss.trinermedia.ch\/wp-content\/uploads\/2023\/02\/viscom_guide_et_definition_2016_F.pdf\" target=\"_blank\" class=\"elementor-icon elementor-animation-grow\" tabindex=\"-1\" aria-label=\"viscom guide et d\u00e9finition 2016 franz\">\n\t\t\t\t<i aria-hidden=\"true\" class=\"far fa-file-pdf\"><\/i>\t\t\t\t<\/a>\n\t\t\t<\/div>\n\t\t\t\n\t\t\t\t\t\t<div class=\"elementor-icon-box-content\">\n\n\t\t\t\t\t\t\t\t\t<p class=\"elementor-icon-box-title\">\n\t\t\t\t\t\t<a href=\"https:\/\/anderreuss.trinermedia.ch\/wp-content\/uploads\/2023\/02\/viscom_guide_et_definition_2016_F.pdf\" target=\"_blank\" >\n\t\t\t\t\t\t\tviscom guide et d\u00e9finition 2016 franz\t\t\t\t\t\t<\/a>\n\t\t\t\t\t<\/p>\n\t\t\t\t\n\t\t\t\t\n\t\t\t<\/div>\n\t\t\t\n\t\t<\/div>\n\t\t\t\t\t\t<\/div>\n\t\t\t\t<\/div>\n\t\t\t\t<\/div>\n\t\t\t\t\t<\/div>\n\t\t\t\t<\/div>\n\t\t\t\t<\/div>\n\t\t","protected":false},"excerpt":{"rendered":"<p>Conditions g\u00e9n\u00e9rales Conditions g\u00e9n\u00e9rales dp suisse (2023) conditions generales dp suisse 2023 Prescriptions techniques dp suisse (2023) prescription techniques dp suisse 2023 Guide et d\u00e9finition des tol\u00e9rances (2016) viscom guide et d\u00e9finition 2016 franz<\/p>\n","protected":false},"author":1,"featured_media":0,"parent":0,"menu_order":0,"comment_status":"closed","ping_status":"closed","template":"","meta":{"footnotes":""},"class_list":["post-1939","page","type-page","status-publish","hentry"],"_links":{"self":[{"href":"https:\/\/anderreuss.ch\/fr\/wp-json\/wp\/v2\/pages\/1939","targetHints":{"allow":["GET"]}}],"collection":[{"href":"https:\/\/anderreuss.ch\/fr\/wp-json\/wp\/v2\/pages"}],"about":[{"href":"https:\/\/anderreuss.ch\/fr\/wp-json\/wp\/v2\/types\/page"}],"author":[{"embeddable":true,"href":"https:\/\/anderreuss.ch\/fr\/wp-json\/wp\/v2\/users\/1"}],"replies":[{"embeddable":true,"href":"https:\/\/anderreuss.ch\/fr\/wp-json\/wp\/v2\/comments?post=1939"}],"version-history":[{"count":0,"href":"https:\/\/anderreuss.ch\/fr\/wp-json\/wp\/v2\/pages\/1939\/revisions"}],"wp:attachment":[{"href":"https:\/\/anderreuss.ch\/fr\/wp-json\/wp\/v2\/media?parent=1939"}],"curies":[{"name":"wp","href":"https:\/\/api.w.org\/{rel}","templated":true}]}}