{"id":1911,"date":"2023-01-11T16:07:01","date_gmt":"2023-01-11T15:07:01","guid":{"rendered":"https:\/\/anderreuss.ch\/startseite\/lentreprise\/"},"modified":"2023-02-14T17:18:04","modified_gmt":"2023-02-14T16:18:04","slug":"lentreprise","status":"publish","type":"page","link":"https:\/\/anderreuss.ch\/fr\/startseite\/lentreprise\/","title":{"rendered":"L&rsquo;entreprise"},"content":{"rendered":"\t\t<div data-elementor-type=\"wp-page\" data-elementor-id=\"1911\" class=\"elementor elementor-1911 elementor-61\" data-elementor-post-type=\"page\">\n\t\t\t\t\t\t<section class=\"elementor-section elementor-top-section elementor-element elementor-element-71e8fa9 elementor-section-full_width elementor-section-content-top elementor-section-height-default elementor-section-height-default\" data-id=\"71e8fa9\" data-element_type=\"section\" data-e-type=\"section\">\n\t\t\t\t\t\t<div class=\"elementor-container elementor-column-gap-no\">\n\t\t\t\t\t<div class=\"elementor-column elementor-col-100 elementor-top-column elementor-element elementor-element-39c50ff\" data-id=\"39c50ff\" data-element_type=\"column\" data-e-type=\"column\">\n\t\t\t<div class=\"elementor-widget-wrap elementor-element-populated\">\n\t\t\t\t\t\t<div class=\"elementor-element elementor-element-b260c79 elementor-widget elementor-widget-image\" data-id=\"b260c79\" data-element_type=\"widget\" data-e-type=\"widget\" data-widget_type=\"image.default\">\n\t\t\t\t<div class=\"elementor-widget-container\">\n\t\t\t\t\t\t\t\t\t\t\t\t\t\t\t<img fetchpriority=\"high\" decoding=\"async\" width=\"2000\" height=\"329\" src=\"https:\/\/anderreuss.ch\/wp-content\/uploads\/2023\/01\/hero_collage9a.jpg\" class=\"attachment-full size-full wp-image-1557\" alt=\"\" srcset=\"https:\/\/anderreuss.ch\/wp-content\/uploads\/2023\/01\/hero_collage9a.jpg 2000w, https:\/\/anderreuss.ch\/wp-content\/uploads\/2023\/01\/hero_collage9a-300x49.jpg 300w, https:\/\/anderreuss.ch\/wp-content\/uploads\/2023\/01\/hero_collage9a-1024x168.jpg 1024w, https:\/\/anderreuss.ch\/wp-content\/uploads\/2023\/01\/hero_collage9a-768x126.jpg 768w, https:\/\/anderreuss.ch\/wp-content\/uploads\/2023\/01\/hero_collage9a-1536x253.jpg 1536w\" sizes=\"(max-width: 2000px) 100vw, 2000px\" \/>\t\t\t\t\t\t\t\t\t\t\t\t\t\t\t<\/div>\n\t\t\t\t<\/div>\n\t\t\t\t\t<\/div>\n\t\t<\/div>\n\t\t\t\t\t<\/div>\n\t\t<\/section>\n\t\t\t\t<section class=\"elementor-section elementor-top-section elementor-element elementor-element-65e79b8 elementor-section-boxed elementor-section-height-default elementor-section-height-default\" data-id=\"65e79b8\" data-element_type=\"section\" data-e-type=\"section\">\n\t\t\t\t\t\t<div class=\"elementor-container elementor-column-gap-default\">\n\t\t\t\t\t<div class=\"elementor-column elementor-col-100 elementor-top-column elementor-element elementor-element-1072b7a\" data-id=\"1072b7a\" data-element_type=\"column\" data-e-type=\"column\">\n\t\t\t<div class=\"elementor-widget-wrap elementor-element-populated\">\n\t\t\t\t\t\t<div class=\"elementor-element elementor-element-dfba1a5 elementor-invisible elementor-widget elementor-widget-heading\" data-id=\"dfba1a5\" data-element_type=\"widget\" data-e-type=\"widget\" data-settings=\"{&quot;_animation&quot;:&quot;fadeInLeft&quot;}\" data-widget_type=\"heading.default\">\n\t\t\t\t<div class=\"elementor-widget-container\">\n\t\t\t\t\t<h1 class=\"elementor-heading-title elementor-size-default\">Chez nous, les gens sont ing\u00e9nieux<\/h1>\t\t\t\t<\/div>\n\t\t\t\t<\/div>\n\t\t\t\t<div class=\"elementor-element elementor-element-d285359 elementor-invisible elementor-widget elementor-widget-text-editor\" data-id=\"d285359\" data-element_type=\"widget\" data-e-type=\"widget\" data-settings=\"{&quot;_animation&quot;:&quot;fadeInRight&quot;}\" data-widget_type=\"text-editor.default\">\n\t\t\t\t<div class=\"elementor-widget-container\">\n\t\t\t\t\t\t\t\t\t<h2>Et en plus, ils ont deux mains droites<\/h2>\n<h5 class=\"lead\"><span lang=\"FR-CH\">N<\/span><span lang=\"FR-CH\">ous existons en tant que PME depuis 1945. Depuis lors et jusqu\u2019\u00e0 aujourd\u2019hui, notre chemin a \u00e9t\u00e9 parsem\u00e9 de nombreuses dates-cl\u00e9s, de personnalit\u00e9s de premier plan et, surtout, d\u2019un engagement ininterrompu au service de votre produit imprim\u00e9.<\/span><\/h5>\n\t\t\t\t\t\t\t\t<\/div>\n\t\t\t\t<\/div>\n\t\t\t\t\t<\/div>\n\t\t<\/div>\n\t\t\t\t\t<\/div>\n\t\t<\/section>\n\t\t\t\t<\/div>\n\t\t","protected":false},"excerpt":{"rendered":"<p>Chez nous, les gens sont ing\u00e9nieux Et en plus, ils ont deux mains droites Nous existons en tant que PME depuis 1945. Depuis lors et jusqu\u2019\u00e0 aujourd\u2019hui, notre chemin a \u00e9t\u00e9 parsem\u00e9 de nombreuses dates-cl\u00e9s, de personnalit\u00e9s de premier plan et, surtout, d\u2019un engagement ininterrompu au service de votre produit imprim\u00e9.<\/p>\n","protected":false},"author":1,"featured_media":0,"parent":1791,"menu_order":1,"comment_status":"closed","ping_status":"closed","template":"","meta":{"footnotes":""},"class_list":["post-1911","page","type-page","status-publish","hentry"],"_links":{"self":[{"href":"https:\/\/anderreuss.ch\/fr\/wp-json\/wp\/v2\/pages\/1911","targetHints":{"allow":["GET"]}}],"collection":[{"href":"https:\/\/anderreuss.ch\/fr\/wp-json\/wp\/v2\/pages"}],"about":[{"href":"https:\/\/anderreuss.ch\/fr\/wp-json\/wp\/v2\/types\/page"}],"author":[{"embeddable":true,"href":"https:\/\/anderreuss.ch\/fr\/wp-json\/wp\/v2\/users\/1"}],"replies":[{"embeddable":true,"href":"https:\/\/anderreuss.ch\/fr\/wp-json\/wp\/v2\/comments?post=1911"}],"version-history":[{"count":0,"href":"https:\/\/anderreuss.ch\/fr\/wp-json\/wp\/v2\/pages\/1911\/revisions"}],"up":[{"embeddable":true,"href":"https:\/\/anderreuss.ch\/fr\/wp-json\/wp\/v2\/pages\/1791"}],"wp:attachment":[{"href":"https:\/\/anderreuss.ch\/fr\/wp-json\/wp\/v2\/media?parent=1911"}],"curies":[{"name":"wp","href":"https:\/\/api.w.org\/{rel}","templated":true}]}}