{"id":1907,"date":"2023-02-06T14:26:53","date_gmt":"2023-02-06T13:26:53","guid":{"rendered":"https:\/\/anderreuss.ch\/startseite\/notre-metier\/reliure-metal\/"},"modified":"2023-02-14T16:36:53","modified_gmt":"2023-02-14T15:36:53","slug":"reliure-metal","status":"publish","type":"page","link":"https:\/\/anderreuss.ch\/fr\/startseite\/notre-metier\/reliure-metal\/","title":{"rendered":"Reliure m\u00e9tal"},"content":{"rendered":"\t\t<div data-elementor-type=\"wp-page\" data-elementor-id=\"1907\" class=\"elementor elementor-1907 elementor-823\" data-elementor-post-type=\"page\">\n\t\t\t\t\t\t<section class=\"elementor-section elementor-top-section elementor-element elementor-element-1a1233f1 elementor-section-full_width elementor-section-content-top elementor-section-height-default elementor-section-height-default\" data-id=\"1a1233f1\" data-element_type=\"section\" data-e-type=\"section\">\n\t\t\t\t\t\t<div class=\"elementor-container elementor-column-gap-no\">\n\t\t\t\t\t<div class=\"elementor-column elementor-col-100 elementor-top-column elementor-element elementor-element-29c86451\" data-id=\"29c86451\" data-element_type=\"column\" data-e-type=\"column\">\n\t\t\t<div class=\"elementor-widget-wrap elementor-element-populated\">\n\t\t\t\t\t\t<div class=\"elementor-element elementor-element-23b202e elementor-widget elementor-widget-image\" data-id=\"23b202e\" data-element_type=\"widget\" data-e-type=\"widget\" data-widget_type=\"image.default\">\n\t\t\t\t<div class=\"elementor-widget-container\">\n\t\t\t\t\t\t\t\t\t\t\t\t\t\t\t<img fetchpriority=\"high\" decoding=\"async\" width=\"1680\" height=\"337\" src=\"https:\/\/anderreuss.ch\/wp-content\/uploads\/2023\/02\/Hero_Drahtheften.jpg\" class=\"attachment-full size-full wp-image-1674\" alt=\"\" srcset=\"https:\/\/anderreuss.ch\/wp-content\/uploads\/2023\/02\/Hero_Drahtheften.jpg 1680w, https:\/\/anderreuss.ch\/wp-content\/uploads\/2023\/02\/Hero_Drahtheften-300x60.jpg 300w, https:\/\/anderreuss.ch\/wp-content\/uploads\/2023\/02\/Hero_Drahtheften-1024x205.jpg 1024w, https:\/\/anderreuss.ch\/wp-content\/uploads\/2023\/02\/Hero_Drahtheften-768x154.jpg 768w, https:\/\/anderreuss.ch\/wp-content\/uploads\/2023\/02\/Hero_Drahtheften-1536x308.jpg 1536w\" sizes=\"(max-width: 1680px) 100vw, 1680px\" \/>\t\t\t\t\t\t\t\t\t\t\t\t\t\t\t<\/div>\n\t\t\t\t<\/div>\n\t\t\t\t\t<\/div>\n\t\t<\/div>\n\t\t\t\t\t<\/div>\n\t\t<\/section>\n\t\t\t\t<section class=\"elementor-section elementor-top-section elementor-element elementor-element-5fb069ce elementor-section-boxed elementor-section-height-default elementor-section-height-default\" data-id=\"5fb069ce\" data-element_type=\"section\" data-e-type=\"section\">\n\t\t\t\t\t\t<div class=\"elementor-container elementor-column-gap-default\">\n\t\t\t\t\t<div class=\"elementor-column elementor-col-100 elementor-top-column elementor-element elementor-element-4e0a8ab4\" data-id=\"4e0a8ab4\" data-element_type=\"column\" data-e-type=\"column\">\n\t\t\t<div class=\"elementor-widget-wrap elementor-element-populated\">\n\t\t\t\t\t\t<div class=\"elementor-element elementor-element-5f38da elementor-invisible elementor-widget elementor-widget-heading\" data-id=\"5f38da\" data-element_type=\"widget\" data-e-type=\"widget\" data-settings=\"{&quot;_animation&quot;:&quot;fadeInLeft&quot;}\" data-widget_type=\"heading.default\">\n\t\t\t\t<div class=\"elementor-widget-container\">\n\t\t\t\t\t<h1 class=\"elementor-heading-title elementor-size-default\">Pour vous, nous saurons nous d\u00e9brouiller<\/h1>\t\t\t\t<\/div>\n\t\t\t\t<\/div>\n\t\t\t\t<div class=\"elementor-element elementor-element-6a4f63c2 elementor-invisible elementor-widget elementor-widget-text-editor\" data-id=\"6a4f63c2\" data-element_type=\"widget\" data-e-type=\"widget\" data-settings=\"{&quot;_animation&quot;:&quot;fadeInRight&quot;}\" data-widget_type=\"text-editor.default\">\n\t\t\t\t<div class=\"elementor-widget-container\">\n\t\t\t\t\t\t\t\t\t<h2>Reliure m\u00e9tal, piqu\u00e9e dans le pli<\/h2>\n<div id=\"group4482\" class=\"cmsGroup cmsColSpan12 cmsCol1 cmsCol2 cmsCol3 cmsCol4 cmsCol5 cmsCol6 cmsCol7 cmsCol8 cmsCol9 cmsCol10 cmsCol11 cmsCol12\">\n<div id=\"cell4485\" class=\"cmsCell cmsColSpan11 cmsCol1 cmsCol2 cmsCol3 cmsCol4 cmsCol5 cmsCol6 cmsCol7 cmsCol8 cmsCol9 cmsCol10 cmsCol11 cmsJoinCell\">\n<p class=\"lead\">Avec la reliure m\u00e9tal, votre imagination ne conna\u00eetra pratiquement pas de limites. Gr\u00e2ce \u00e0 la mise au point automatique des machines, nous fa\u00e7onnons sans probl\u00e8me des petites et m\u00eame des tr\u00e8s petites quantit\u00e9s. Et puisque nos machines peuvent tourner \u00e0 grande vitesse, nous sommes aussi parfaitement \u00e9quip\u00e9s pour absorber au mieux les grosses quantit\u00e9s.<\/p>\n<\/div>\n<\/div>\n\t\t\t\t\t\t\t\t<\/div>\n\t\t\t\t<\/div>\n\t\t\t\t\t<\/div>\n\t\t<\/div>\n\t\t\t\t\t<\/div>\n\t\t<\/section>\n\t\t<div class=\"elementor-element elementor-element-05cda8e e-flex e-con-boxed e-con e-parent\" data-id=\"05cda8e\" data-element_type=\"container\" data-e-type=\"container\">\n\t\t\t\t\t<div class=\"e-con-inner\">\n\t\t<div class=\"elementor-element elementor-element-0bcd140 e-con-full e-flex e-con e-parent\" data-id=\"0bcd140\" data-element_type=\"container\" data-e-type=\"container\">\n\t\t\t\t<div class=\"elementor-element elementor-element-e8d2ada _titleline elementor-widget elementor-widget-text-editor\" data-id=\"e8d2ada\" data-element_type=\"widget\" data-e-type=\"widget\" data-widget_type=\"text-editor.default\">\n\t\t\t\t<div class=\"elementor-widget-container\">\n\t\t\t\t\t\t\t\t\t<h3>L\u2019essentiel en un coup d\u2019\u0153il<\/h3>\n\t\t\t\t\t\t\t\t<\/div>\n\t\t\t\t<\/div>\n\t\t\t\t<\/div>\n\t\t<div class=\"elementor-element elementor-element-87afd3d e-con-full e-flex e-con e-parent\" data-id=\"87afd3d\" data-element_type=\"container\" data-e-type=\"container\">\n\t\t\t\t<div class=\"elementor-element elementor-element-ec1b44c elementor-widget elementor-widget-text-editor\" data-id=\"ec1b44c\" data-element_type=\"widget\" data-e-type=\"widget\" data-widget_type=\"text-editor.default\">\n\t\t\t\t<div class=\"elementor-widget-container\">\n\t\t\t\t\t\t\t\t\t<h4>Encarteuse-piqueuse Primera E140<\/h4>\n<ul>\n<li>8 margeurs de feuilles<\/li>\n<li>1 colleur d\u2019encarts<\/li>\n<li>1 margeur de couverture<\/li>\n<li>2 chargeurs manuels<\/li>\n<li>4 t\u00eates de couture \u00abboucle\u00bb<\/li>\n<li>4 t\u00eates de couture \u00abnormale\u00bb<\/li>\n<li>Vitesse de pointe: 14\u2019000 cycles\/heure<\/li>\n<\/ul>\n\t\t\t\t\t\t\t\t<\/div>\n\t\t\t\t<\/div>\n\t\t\t\t<\/div>\n\t\t<div class=\"elementor-element elementor-element-32fd3d2 e-con-full e-flex e-con e-parent\" data-id=\"32fd3d2\" data-element_type=\"container\" data-e-type=\"container\">\n\t\t\t\t<div class=\"elementor-element elementor-element-9946ae5 elementor-arrows-position-inside elementor-pagination-position-outside elementor-widget elementor-widget-image-carousel\" data-id=\"9946ae5\" data-element_type=\"widget\" data-e-type=\"widget\" data-settings=\"{&quot;slides_to_show&quot;:&quot;1&quot;,&quot;effect&quot;:&quot;fade&quot;,&quot;speed&quot;:3000,&quot;navigation&quot;:&quot;both&quot;,&quot;autoplay&quot;:&quot;yes&quot;,&quot;pause_on_hover&quot;:&quot;yes&quot;,&quot;pause_on_interaction&quot;:&quot;yes&quot;,&quot;autoplay_speed&quot;:5000,&quot;infinite&quot;:&quot;yes&quot;}\" data-widget_type=\"image-carousel.default\">\n\t\t\t\t<div class=\"elementor-widget-container\">\n\t\t\t\t\t\t\t<div class=\"elementor-image-carousel-wrapper swiper\" role=\"region\" aria-roledescription=\"carousel\" aria-label=\"Carrousel d\u2019images\" dir=\"ltr\">\n\t\t\t<div class=\"elementor-image-carousel swiper-wrapper\" aria-live=\"off\">\n\t\t\t\t\t\t\t\t<div class=\"swiper-slide\" role=\"group\" aria-roledescription=\"slide\" aria-label=\"1 sur 3\"><a data-elementor-open-lightbox=\"yes\" data-elementor-lightbox-slideshow=\"9946ae5\" data-e-action-hash=\"#elementor-action%3Aaction%3Dlightbox%26settings%3DeyJpZCI6MTY2OCwidXJsIjoiaHR0cHM6XC9cL2FuZGVycmV1c3MuY2hcL3dwLWNvbnRlbnRcL3VwbG9hZHNcLzIwMjNcLzAyXC9ncmFmaWtfd2lyb18xX3JlZ2lzdGVyX3JvdC5wbmciLCJzbGlkZXNob3ciOiI5OTQ2YWU1In0%3D\" href=\"https:\/\/anderreuss.ch\/wp-content\/uploads\/2023\/02\/grafik_wiro_1_register_rot.png\"><figure class=\"swiper-slide-inner\"><img decoding=\"async\" class=\"swiper-slide-image\" src=\"https:\/\/anderreuss.ch\/wp-content\/uploads\/2023\/02\/grafik_wiro_1_register_rot-300x185.png\" alt=\"grafik_wiro_1_register_rot\" \/><\/figure><\/a><\/div><div class=\"swiper-slide\" role=\"group\" aria-roledescription=\"slide\" aria-label=\"2 sur 3\"><a data-elementor-open-lightbox=\"yes\" data-elementor-lightbox-slideshow=\"9946ae5\" data-e-action-hash=\"#elementor-action%3Aaction%3Dlightbox%26settings%3DeyJpZCI6MTY2OSwidXJsIjoiaHR0cHM6XC9cL2FuZGVycmV1c3MuY2hcL3dwLWNvbnRlbnRcL3VwbG9hZHNcLzIwMjNcLzAyXC9ncmFmaWtfd2lyb18yX2xvb3BzX3JvdC5wbmciLCJzbGlkZXNob3ciOiI5OTQ2YWU1In0%3D\" href=\"https:\/\/anderreuss.ch\/wp-content\/uploads\/2023\/02\/grafik_wiro_2_loops_rot.png\"><figure class=\"swiper-slide-inner\"><img decoding=\"async\" class=\"swiper-slide-image\" src=\"https:\/\/anderreuss.ch\/wp-content\/uploads\/2023\/02\/grafik_wiro_2_loops_rot-300x221.png\" alt=\"grafik_wiro_2_loops_rot\" \/><\/figure><\/a><\/div><div class=\"swiper-slide\" role=\"group\" aria-roledescription=\"slide\" aria-label=\"3 sur 3\"><a data-elementor-open-lightbox=\"yes\" data-elementor-lightbox-slideshow=\"9946ae5\" data-e-action-hash=\"#elementor-action%3Aaction%3Dlightbox%26settings%3DeyJpZCI6MTY3MCwidXJsIjoiaHR0cHM6XC9cL2FuZGVycmV1c3MuY2hcL3dwLWNvbnRlbnRcL3VwbG9hZHNcLzIwMjNcLzAyXC9ncmFmaWtfd2lyb19rYWxlbmRlcl8yMDE4X2JsYXUucG5nIiwic2xpZGVzaG93IjoiOTk0NmFlNSJ9\" href=\"https:\/\/anderreuss.ch\/wp-content\/uploads\/2023\/02\/grafik_wiro_kalender_2018_blau.png\"><figure class=\"swiper-slide-inner\"><img decoding=\"async\" class=\"swiper-slide-image\" src=\"https:\/\/anderreuss.ch\/wp-content\/uploads\/2023\/02\/grafik_wiro_kalender_2018_blau-234x300.png\" alt=\"grafik_wiro_kalender_2018_blau\" \/><\/figure><\/a><\/div>\t\t\t<\/div>\n\t\t\t\t\t\t\t\t\t\t\t\t<div class=\"elementor-swiper-button elementor-swiper-button-prev\" role=\"button\" tabindex=\"0\">\n\t\t\t\t\t\t<i aria-hidden=\"true\" class=\"eicon-chevron-left\"><\/i>\t\t\t\t\t<\/div>\n\t\t\t\t\t<div class=\"elementor-swiper-button elementor-swiper-button-next\" role=\"button\" tabindex=\"0\">\n\t\t\t\t\t\t<i aria-hidden=\"true\" class=\"eicon-chevron-right\"><\/i>\t\t\t\t\t<\/div>\n\t\t\t\t\n\t\t\t\t\t\t\t\t\t<div class=\"swiper-pagination\"><\/div>\n\t\t\t\t\t\t\t\t\t<\/div>\n\t\t\t\t\t\t<\/div>\n\t\t\t\t<\/div>\n\t\t\t\t<\/div>\n\t\t<div class=\"elementor-element elementor-element-d44a02d e-con-full e-flex e-con e-parent\" data-id=\"d44a02d\" data-element_type=\"container\" data-e-type=\"container\">\n\t\t\t\t<div class=\"elementor-element elementor-element-2db473b elementor-widget__width-initial elementor-absolute elementor-widget elementor-widget-spacer\" data-id=\"2db473b\" data-element_type=\"widget\" data-e-type=\"widget\" data-settings=\"{&quot;_position&quot;:&quot;absolute&quot;}\" data-widget_type=\"spacer.default\">\n\t\t\t\t<div class=\"elementor-widget-container\">\n\t\t\t\t\t\t\t<div class=\"elementor-spacer\">\n\t\t\t<div class=\"elementor-spacer-inner\"><\/div>\n\t\t<\/div>\n\t\t\t\t\t\t<\/div>\n\t\t\t\t<\/div>\n\t\t\t\t<div class=\"elementor-element elementor-element-ccca997 elementor-widget elementor-widget-text-editor\" data-id=\"ccca997\" data-element_type=\"widget\" data-e-type=\"widget\" data-widget_type=\"text-editor.default\">\n\t\t\t\t<div class=\"elementor-widget-container\">\n\t\t\t\t\t\t\t\t\t<h3>Download<\/h3>\n<p>Vous trouverez d\u2019autres renseignements sur la reliure m\u00e9tal et les agr\u00e9gats en consultant nos notices d\u2019information.<\/p>\n\t\t\t\t\t\t\t\t<\/div>\n\t\t\t\t<\/div>\n\t\t\t\t<div class=\"elementor-element elementor-element-4d7a654 elementor-position-inline-start elementor-view-default elementor-mobile-position-block-start elementor-widget elementor-widget-icon-box\" data-id=\"4d7a654\" data-element_type=\"widget\" data-e-type=\"widget\" data-widget_type=\"icon-box.default\">\n\t\t\t\t<div class=\"elementor-widget-container\">\n\t\t\t\t\t\t\t<div class=\"elementor-icon-box-wrapper\">\n\n\t\t\t\t\t\t<div class=\"elementor-icon-box-icon\">\n\t\t\t\t<a href=\"https:\/\/anderreuss.ch\/wp-content\/uploads\/2023\/02\/Reliures_en_metal.pdf\" target=\"_blank\" class=\"elementor-icon elementor-animation-grow\" tabindex=\"-1\" aria-label=\"Reluires en m\u00e9tal\">\n\t\t\t\t<i aria-hidden=\"true\" class=\"far fa-file-pdf\"><\/i>\t\t\t\t<\/a>\n\t\t\t<\/div>\n\t\t\t\n\t\t\t\t\t\t<div class=\"elementor-icon-box-content\">\n\n\t\t\t\t\t\t\t\t\t<p class=\"elementor-icon-box-title\">\n\t\t\t\t\t\t<a href=\"https:\/\/anderreuss.ch\/wp-content\/uploads\/2023\/02\/Reliures_en_metal.pdf\" target=\"_blank\" >\n\t\t\t\t\t\t\tReluires en m\u00e9tal\t\t\t\t\t\t<\/a>\n\t\t\t\t\t<\/p>\n\t\t\t\t\n\t\t\t\t\n\t\t\t<\/div>\n\t\t\t\n\t\t<\/div>\n\t\t\t\t\t\t<\/div>\n\t\t\t\t<\/div>\n\t\t\t\t<div class=\"elementor-element elementor-element-be4248f elementor-position-inline-start elementor-view-default elementor-mobile-position-block-start elementor-widget elementor-widget-icon-box\" data-id=\"be4248f\" data-element_type=\"widget\" data-e-type=\"widget\" data-widget_type=\"icon-box.default\">\n\t\t\t\t<div class=\"elementor-widget-container\">\n\t\t\t\t\t\t\t<div class=\"elementor-icon-box-wrapper\">\n\n\t\t\t\t\t\t<div class=\"elementor-icon-box-icon\">\n\t\t\t\t<a href=\"https:\/\/anderreuss.ch\/wp-content\/uploads\/2023\/02\/Mehrfachnutzen.pdf\" target=\"_blank\" class=\"elementor-icon elementor-animation-grow\" tabindex=\"-1\" aria-label=\"PDF Mehrfachnutzen\">\n\t\t\t\t<i aria-hidden=\"true\" class=\"far fa-file-pdf\"><\/i>\t\t\t\t<\/a>\n\t\t\t<\/div>\n\t\t\t\n\t\t\t\t\t\t<div class=\"elementor-icon-box-content\">\n\n\t\t\t\t\t\t\t\t\t<p class=\"elementor-icon-box-title\">\n\t\t\t\t\t\t<a href=\"https:\/\/anderreuss.ch\/wp-content\/uploads\/2023\/02\/Mehrfachnutzen.pdf\" target=\"_blank\" >\n\t\t\t\t\t\t\tPDF Mehrfachnutzen\t\t\t\t\t\t<\/a>\n\t\t\t\t\t<\/p>\n\t\t\t\t\n\t\t\t\t\n\t\t\t<\/div>\n\t\t\t\n\t\t<\/div>\n\t\t\t\t\t\t<\/div>\n\t\t\t\t<\/div>\n\t\t\t\t<\/div>\n\t\t<div class=\"elementor-element elementor-element-e259cc4 e-con-full e-flex e-con e-parent\" data-id=\"e259cc4\" data-element_type=\"container\" data-e-type=\"container\">\n\t\t\t\t<div class=\"elementor-element elementor-element-4fb5a12 gallery-spacing-custom elementor-widget elementor-widget-image-gallery\" data-id=\"4fb5a12\" data-element_type=\"widget\" data-e-type=\"widget\" data-widget_type=\"image-gallery.default\">\n\t\t\t\t<div class=\"elementor-widget-container\">\n\t\t\t\t\t\t\t<div class=\"elementor-image-gallery\">\n\t\t\t<div id='gallery-1' class='gallery galleryid-1907 gallery-columns-2 gallery-size-full'><figure class='gallery-item'>\n\t\t\t<div class='gallery-icon landscape'>\n\t\t\t\t<a data-elementor-open-lightbox=\"yes\" data-elementor-lightbox-slideshow=\"4fb5a12\" data-e-action-hash=\"#elementor-action%3Aaction%3Dlightbox%26settings%3DeyJpZCI6MTY3OCwidXJsIjoiaHR0cHM6XC9cL2FuZGVycmV1c3MuY2hcL3dwLWNvbnRlbnRcL3VwbG9hZHNcLzIwMjNcLzAyXC9kcmFodGhlZnRlbjkuanBnIiwic2xpZGVzaG93IjoiNGZiNWExMiJ9\" href='https:\/\/anderreuss.ch\/wp-content\/uploads\/2023\/02\/drahtheften9.jpg'><img decoding=\"async\" width=\"800\" height=\"533\" src=\"https:\/\/anderreuss.ch\/wp-content\/uploads\/2023\/02\/drahtheften9.jpg\" class=\"attachment-full size-full\" alt=\"\" srcset=\"https:\/\/anderreuss.ch\/wp-content\/uploads\/2023\/02\/drahtheften9.jpg 800w, https:\/\/anderreuss.ch\/wp-content\/uploads\/2023\/02\/drahtheften9-300x200.jpg 300w, https:\/\/anderreuss.ch\/wp-content\/uploads\/2023\/02\/drahtheften9-768x512.jpg 768w\" sizes=\"(max-width: 800px) 100vw, 800px\" \/><\/a>\n\t\t\t<\/div><\/figure><figure class='gallery-item'>\n\t\t\t<div class='gallery-icon landscape'>\n\t\t\t\t<a data-elementor-open-lightbox=\"yes\" data-elementor-lightbox-slideshow=\"4fb5a12\" data-e-action-hash=\"#elementor-action%3Aaction%3Dlightbox%26settings%3DeyJpZCI6MTY3NywidXJsIjoiaHR0cHM6XC9cL2FuZGVycmV1c3MuY2hcL3dwLWNvbnRlbnRcL3VwbG9hZHNcLzIwMjNcLzAyXC9kcmFodGhlZnRlbjUuanBnIiwic2xpZGVzaG93IjoiNGZiNWExMiJ9\" href='https:\/\/anderreuss.ch\/wp-content\/uploads\/2023\/02\/drahtheften5.jpg'><img decoding=\"async\" width=\"800\" height=\"533\" src=\"https:\/\/anderreuss.ch\/wp-content\/uploads\/2023\/02\/drahtheften5.jpg\" class=\"attachment-full size-full\" alt=\"\" srcset=\"https:\/\/anderreuss.ch\/wp-content\/uploads\/2023\/02\/drahtheften5.jpg 800w, https:\/\/anderreuss.ch\/wp-content\/uploads\/2023\/02\/drahtheften5-300x200.jpg 300w, https:\/\/anderreuss.ch\/wp-content\/uploads\/2023\/02\/drahtheften5-768x512.jpg 768w\" sizes=\"(max-width: 800px) 100vw, 800px\" \/><\/a>\n\t\t\t<\/div><\/figure>\n\t\t<\/div>\n\t\t<\/div>\n\t\t\t\t\t\t<\/div>\n\t\t\t\t<\/div>\n\t\t\t\t<\/div>\n\t\t\t\t\t<\/div>\n\t\t\t\t<\/div>\n\t\t<div class=\"elementor-element elementor-element-3f0b6c4e e-flex e-con-boxed e-con e-parent\" data-id=\"3f0b6c4e\" data-element_type=\"container\" data-e-type=\"container\">\n\t\t\t\t\t<div class=\"e-con-inner\">\n\t\t\t\t\t<\/div>\n\t\t\t\t<\/div>\n\t\t\t\t<\/div>\n\t\t","protected":false},"excerpt":{"rendered":"<p>Pour vous, nous saurons nous d\u00e9brouiller Reliure m\u00e9tal, piqu\u00e9e dans le pli Avec la reliure m\u00e9tal, votre imagination ne conna\u00eetra pratiquement pas de limites. Gr\u00e2ce \u00e0 la mise au point automatique des machines, nous fa\u00e7onnons sans probl\u00e8me des petites et m\u00eame des tr\u00e8s petites quantit\u00e9s. Et puisque nos machines peuvent tourner \u00e0 grande vitesse, nous [&hellip;]<\/p>\n","protected":false},"author":1,"featured_media":0,"parent":1794,"menu_order":40,"comment_status":"closed","ping_status":"closed","template":"","meta":{"footnotes":""},"class_list":["post-1907","page","type-page","status-publish","hentry"],"_links":{"self":[{"href":"https:\/\/anderreuss.ch\/fr\/wp-json\/wp\/v2\/pages\/1907","targetHints":{"allow":["GET"]}}],"collection":[{"href":"https:\/\/anderreuss.ch\/fr\/wp-json\/wp\/v2\/pages"}],"about":[{"href":"https:\/\/anderreuss.ch\/fr\/wp-json\/wp\/v2\/types\/page"}],"author":[{"embeddable":true,"href":"https:\/\/anderreuss.ch\/fr\/wp-json\/wp\/v2\/users\/1"}],"replies":[{"embeddable":true,"href":"https:\/\/anderreuss.ch\/fr\/wp-json\/wp\/v2\/comments?post=1907"}],"version-history":[{"count":0,"href":"https:\/\/anderreuss.ch\/fr\/wp-json\/wp\/v2\/pages\/1907\/revisions"}],"up":[{"embeddable":true,"href":"https:\/\/anderreuss.ch\/fr\/wp-json\/wp\/v2\/pages\/1794"}],"wp:attachment":[{"href":"https:\/\/anderreuss.ch\/fr\/wp-json\/wp\/v2\/media?parent=1907"}],"curies":[{"name":"wp","href":"https:\/\/api.w.org\/{rel}","templated":true}]}}