{"id":1905,"date":"2023-01-11T16:06:35","date_gmt":"2023-01-11T15:06:35","guid":{"rendered":"https:\/\/anderreuss.ch\/formation\/"},"modified":"2023-02-14T17:48:19","modified_gmt":"2023-02-14T16:48:19","slug":"formation","status":"publish","type":"page","link":"https:\/\/anderreuss.ch\/fr\/startseite\/lentreprise\/formation\/","title":{"rendered":"Formation"},"content":{"rendered":"\t\t<div data-elementor-type=\"wp-page\" data-elementor-id=\"1905\" class=\"elementor elementor-1905 elementor-56\" data-elementor-post-type=\"page\">\n\t\t\t\t\t\t<section class=\"elementor-section elementor-top-section elementor-element elementor-element-3d50dd02 elementor-section-full_width elementor-section-content-top elementor-section-height-default elementor-section-height-default\" data-id=\"3d50dd02\" data-element_type=\"section\" data-e-type=\"section\">\n\t\t\t\t\t\t<div class=\"elementor-container elementor-column-gap-no\">\n\t\t\t\t\t<div class=\"elementor-column elementor-col-100 elementor-top-column elementor-element elementor-element-3c09e2a7\" data-id=\"3c09e2a7\" data-element_type=\"column\" data-e-type=\"column\">\n\t\t\t<div class=\"elementor-widget-wrap elementor-element-populated\">\n\t\t\t\t\t\t<div class=\"elementor-element elementor-element-5b767b0 elementor-widget elementor-widget-image\" data-id=\"5b767b0\" data-element_type=\"widget\" data-e-type=\"widget\" data-widget_type=\"image.default\">\n\t\t\t\t<div class=\"elementor-widget-container\">\n\t\t\t\t\t\t\t\t\t\t\t\t\t\t\t<img fetchpriority=\"high\" decoding=\"async\" width=\"2000\" height=\"1333\" src=\"https:\/\/anderreuss.ch\/wp-content\/uploads\/2023\/02\/Lernende.jpg\" class=\"attachment-full size-full wp-image-1636\" alt=\"\" srcset=\"https:\/\/anderreuss.ch\/wp-content\/uploads\/2023\/02\/Lernende.jpg 2000w, https:\/\/anderreuss.ch\/wp-content\/uploads\/2023\/02\/Lernende-300x200.jpg 300w, https:\/\/anderreuss.ch\/wp-content\/uploads\/2023\/02\/Lernende-1024x682.jpg 1024w, https:\/\/anderreuss.ch\/wp-content\/uploads\/2023\/02\/Lernende-768x512.jpg 768w, https:\/\/anderreuss.ch\/wp-content\/uploads\/2023\/02\/Lernende-1536x1024.jpg 1536w\" sizes=\"(max-width: 2000px) 100vw, 2000px\" \/>\t\t\t\t\t\t\t\t\t\t\t\t\t\t\t<\/div>\n\t\t\t\t<\/div>\n\t\t\t\t\t<\/div>\n\t\t<\/div>\n\t\t\t\t\t<\/div>\n\t\t<\/section>\n\t\t\t\t<section class=\"elementor-section elementor-top-section elementor-element elementor-element-352c494b elementor-section-boxed elementor-section-height-default elementor-section-height-default\" data-id=\"352c494b\" data-element_type=\"section\" data-e-type=\"section\">\n\t\t\t\t\t\t<div class=\"elementor-container elementor-column-gap-default\">\n\t\t\t\t\t<div class=\"elementor-column elementor-col-100 elementor-top-column elementor-element elementor-element-3de50282\" data-id=\"3de50282\" data-element_type=\"column\" data-e-type=\"column\">\n\t\t\t<div class=\"elementor-widget-wrap elementor-element-populated\">\n\t\t\t\t\t\t<div class=\"elementor-element elementor-element-3ba7ef75 elementor-invisible elementor-widget elementor-widget-heading\" data-id=\"3ba7ef75\" data-element_type=\"widget\" data-e-type=\"widget\" data-settings=\"{&quot;_animation&quot;:&quot;fadeInLeft&quot;}\" data-widget_type=\"heading.default\">\n\t\t\t\t<div class=\"elementor-widget-container\">\n\t\t\t\t\t<h1 class=\"elementor-heading-title elementor-size-default\">Bien form\u00e9 \u2013 meilleur dans son domaine<\/h1>\t\t\t\t<\/div>\n\t\t\t\t<\/div>\n\t\t\t\t<div class=\"elementor-element elementor-element-187d2131 elementor-invisible elementor-widget elementor-widget-text-editor\" data-id=\"187d2131\" data-element_type=\"widget\" data-e-type=\"widget\" data-settings=\"{&quot;_animation&quot;:&quot;fadeInRight&quot;}\" data-widget_type=\"text-editor.default\">\n\t\t\t\t<div class=\"elementor-widget-container\">\n\t\t\t\t\t\t\t\t\t<h2>Nous nous engageons pour la formation et la formation continue<\/h2>\n<h5 class=\"lead\">Les jeunes professionnels d\u2019aujourd\u2019hui seront les vieux routiers de demain.<br \/>\nC\u2019est pourquoi nous accordons de l\u2019importance \u00e0 une bonne formation de base de nos apprentis et \u00e0 une formation continue permanente de nos collaborateurs.<\/h5>\n\t\t\t\t\t\t\t\t<\/div>\n\t\t\t\t<\/div>\n\t\t\t\t\t<\/div>\n\t\t<\/div>\n\t\t\t\t\t<\/div>\n\t\t<\/section>\n\t\t<div class=\"elementor-element elementor-element-1543a44 e-flex e-con-boxed e-con e-parent\" data-id=\"1543a44\" data-element_type=\"container\" data-e-type=\"container\">\n\t\t\t\t\t<div class=\"e-con-inner\">\n\t\t<div class=\"elementor-element elementor-element-da022d9 e-con-full e-flex elementor-invisible e-con e-parent\" data-id=\"da022d9\" data-element_type=\"container\" data-e-type=\"container\" data-settings=\"{&quot;animation&quot;:&quot;fadeInUp&quot;}\">\n\t\t<div class=\"elementor-element elementor-element-331af16 e-con-full e-flex e-con e-parent\" data-id=\"331af16\" data-element_type=\"container\" data-e-type=\"container\">\n\t\t\t\t<div class=\"elementor-element elementor-element-97d122d elementor-widget__width-initial elementor-position-top elementor-widget elementor-widget-image-box\" data-id=\"97d122d\" data-element_type=\"widget\" data-e-type=\"widget\" data-widget_type=\"image-box.default\">\n\t\t\t\t<div class=\"elementor-widget-container\">\n\t\t\t\t\t<div class=\"elementor-image-box-wrapper\"><figure class=\"elementor-image-box-img\"><a href=\"https:\/\/www.whatchado.com\/de\/stories\/vanessa-zihlmann\" target=\"_blank\" tabindex=\"-1\"><img decoding=\"async\" width=\"288\" height=\"291\" src=\"https:\/\/anderreuss.ch\/wp-content\/uploads\/2023\/02\/printscreen_vanessa_zihlmann.jpg\" class=\"elementor-animation-grow attachment-full size-full wp-image-689\" alt=\"\" \/><\/a><\/figure><div class=\"elementor-image-box-content\"><p class=\"elementor-image-box-title\"><a href=\"https:\/\/www.whatchado.com\/de\/stories\/vanessa-zihlmann\" target=\"_blank\">Lien vers la vid\u00e9o de Vanessa Zihlmann<\/a><\/p><\/div><\/div>\t\t\t\t<\/div>\n\t\t\t\t<\/div>\n\t\t\t\t<div class=\"elementor-element elementor-element-ab8a234 elementor-widget__width-initial elementor-position-top elementor-widget elementor-widget-image-box\" data-id=\"ab8a234\" data-element_type=\"widget\" data-e-type=\"widget\" data-widget_type=\"image-box.default\">\n\t\t\t\t<div class=\"elementor-widget-container\">\n\t\t\t\t\t<div class=\"elementor-image-box-wrapper\"><figure class=\"elementor-image-box-img\"><a href=\"https:\/\/www.whatchado.com\/de\/stories\/gian-luca-bosco\" target=\"_blank\" tabindex=\"-1\"><img decoding=\"async\" width=\"288\" height=\"291\" src=\"https:\/\/anderreuss.ch\/wp-content\/uploads\/2023\/02\/printscreen_gian-luca_bosco.jpg\" class=\"elementor-animation-grow attachment-full size-full wp-image-688\" alt=\"\" \/><\/a><\/figure><div class=\"elementor-image-box-content\"><p class=\"elementor-image-box-title\"><a href=\"https:\/\/www.whatchado.com\/de\/stories\/gian-luca-bosco\" target=\"_blank\">Lien vers la vid\u00e9o deGian-Luca Bosco<\/a><\/p><\/div><\/div>\t\t\t\t<\/div>\n\t\t\t\t<\/div>\n\t\t\t\t<\/div>\n\t\t<div class=\"elementor-element elementor-element-8f227d9 e-con-full e-flex e-con e-parent\" data-id=\"8f227d9\" data-element_type=\"container\" data-e-type=\"container\">\n\t\t\t\t<div class=\"elementor-element elementor-element-165a138 elementor-widget elementor-widget-text-editor\" data-id=\"165a138\" data-element_type=\"widget\" data-e-type=\"widget\" data-widget_type=\"text-editor.default\">\n\t\t\t\t<div class=\"elementor-widget-container\">\n\t\t\t\t\t\t\t\t\t<p>Tout nouveau : pour promouvoir notre m\u00e9tier attractif de transformateur de supports d&rsquo;impression, ou technologue en reliure, comme le m\u00e9tier s&rsquo;appellera \u00e0 partir de l&rsquo;\u00e9t\u00e9 2022, notre apprenti Gian-Luca Bosco et la form\u00e9e Vanessa Zihlmann seront devant la cam\u00e9ra pour le Whatchado. plate-forme de communication.<\/p>\n\t\t\t\t\t\t\t\t<\/div>\n\t\t\t\t<\/div>\n\t\t\t\t<\/div>\n\t\t\t\t<\/div>\n\t\t<div class=\"elementor-element elementor-element-0553914 e-con-full e-flex e-con e-parent\" data-id=\"0553914\" data-element_type=\"container\" data-e-type=\"container\">\n\t\t\t\t<div class=\"elementor-element elementor-element-a388500 elementor-position-top elementor-invisible elementor-widget elementor-widget-image-box\" data-id=\"a388500\" data-element_type=\"widget\" data-e-type=\"widget\" data-settings=\"{&quot;_animation&quot;:&quot;fadeInUp&quot;}\" data-widget_type=\"image-box.default\">\n\t\t\t\t<div class=\"elementor-widget-container\">\n\t\t\t\t\t<div class=\"elementor-image-box-wrapper\"><figure class=\"elementor-image-box-img\"><img loading=\"lazy\" decoding=\"async\" width=\"800\" height=\"582\" src=\"https:\/\/anderreuss.ch\/wp-content\/uploads\/2023\/02\/Gutenbergpreis_gruppe.jpg\" class=\"attachment-full size-full wp-image-686\" alt=\"\" srcset=\"https:\/\/anderreuss.ch\/wp-content\/uploads\/2023\/02\/Gutenbergpreis_gruppe.jpg 800w, https:\/\/anderreuss.ch\/wp-content\/uploads\/2023\/02\/Gutenbergpreis_gruppe-300x218.jpg 300w, https:\/\/anderreuss.ch\/wp-content\/uploads\/2023\/02\/Gutenbergpreis_gruppe-768x559.jpg 768w\" sizes=\"(max-width: 800px) 100vw, 800px\" \/><\/figure><div class=\"elementor-image-box-content\"><p class=\"elementor-image-box-description\">La s\u00e9rie continue : en tant que quatri\u00e8me apprenti cons\u00e9cutif, Jeremias Steffen a re\u00e7u le prix Gutenberg \u00e0 l'automne 2019 pour son excellent examen final. Toutes nos f\u00e9licitations!<\/p><\/div><\/div>\t\t\t\t<\/div>\n\t\t\t\t<\/div>\n\t\t\t\t<\/div>\n\t\t<div class=\"elementor-element elementor-element-52bc793 e-con-full e-flex e-con e-parent\" data-id=\"52bc793\" data-element_type=\"container\" data-e-type=\"container\">\n\t\t\t\t<div class=\"elementor-element elementor-element-ca9a08c elementor-position-top elementor-widget elementor-widget-image-box\" data-id=\"ca9a08c\" data-element_type=\"widget\" data-e-type=\"widget\" data-widget_type=\"image-box.default\">\n\t\t\t\t<div class=\"elementor-widget-container\">\n\t\t\t\t\t<div class=\"elementor-image-box-wrapper\"><figure class=\"elementor-image-box-img\"><img loading=\"lazy\" decoding=\"async\" width=\"800\" height=\"533\" src=\"https:\/\/anderreuss.ch\/wp-content\/uploads\/2023\/02\/Jubelnde_Vanessa.jpg\" class=\"attachment-full size-full wp-image-687\" alt=\"\" srcset=\"https:\/\/anderreuss.ch\/wp-content\/uploads\/2023\/02\/Jubelnde_Vanessa.jpg 800w, https:\/\/anderreuss.ch\/wp-content\/uploads\/2023\/02\/Jubelnde_Vanessa-300x200.jpg 300w, https:\/\/anderreuss.ch\/wp-content\/uploads\/2023\/02\/Jubelnde_Vanessa-768x512.jpg 768w\" sizes=\"(max-width: 800px) 100vw, 800px\" \/><\/figure><div class=\"elementor-image-box-content\"><p class=\"elementor-image-box-description\">En novembre 2017, Vanessa Zihlmann a eu la joie de recevoir le Prix Gutenberg en r\u00e9compense de ses bons r\u00e9sultats \u00e0 l\u2019examen final de son apprentissage effectu\u00e9 chez An der Reuss AG. Elle \u00e9tait la troisi\u00e8me apprentie cons\u00e9cutive form\u00e9e chez nous \u00e0 recevoir une telle distinction. Nous lui disons: Chapeau!<\/p><\/div><\/div>\t\t\t\t<\/div>\n\t\t\t\t<\/div>\n\t\t\t\t<\/div>\n\t\t<div class=\"elementor-element elementor-element-5cfaf7d e-con-full e-flex e-con e-parent\" data-id=\"5cfaf7d\" data-element_type=\"container\" data-e-type=\"container\">\n\t\t\t\t<div class=\"elementor-element elementor-element-3c50bdd elementor-widget elementor-widget-video\" data-id=\"3c50bdd\" data-element_type=\"widget\" data-e-type=\"widget\" data-settings=\"{&quot;youtube_url&quot;:&quot;www.youtube.com\\\/embed\\\/ZFZHnCElnNQ&quot;,&quot;video_type&quot;:&quot;youtube&quot;,&quot;controls&quot;:&quot;yes&quot;}\" data-widget_type=\"video.default\">\n\t\t\t\t<div class=\"elementor-widget-container\">\n\t\t\t\t\t\t\t<div class=\"elementor-wrapper elementor-open-inline\">\n\t\t\t<div class=\"elementor-video\"><\/div>\t\t<\/div>\n\t\t\t\t\t\t<\/div>\n\t\t\t\t<\/div>\n\t\t\t\t<\/div>\n\t\t\t\t\t<\/div>\n\t\t\t\t<\/div>\n\t\t\t\t<\/div>\n\t\t","protected":false},"excerpt":{"rendered":"<p>Bien form\u00e9 \u2013 meilleur dans son domaine Nous nous engageons pour la formation et la formation continue Les jeunes professionnels d\u2019aujourd\u2019hui seront les vieux routiers de demain. C\u2019est pourquoi nous accordons de l\u2019importance \u00e0 une bonne formation de base de nos apprentis et \u00e0 une formation continue permanente de nos collaborateurs. Lien vers la vid\u00e9o [&hellip;]<\/p>\n","protected":false},"author":1,"featured_media":0,"parent":1911,"menu_order":0,"comment_status":"closed","ping_status":"closed","template":"","meta":{"footnotes":""},"class_list":["post-1905","page","type-page","status-publish","hentry"],"_links":{"self":[{"href":"https:\/\/anderreuss.ch\/fr\/wp-json\/wp\/v2\/pages\/1905","targetHints":{"allow":["GET"]}}],"collection":[{"href":"https:\/\/anderreuss.ch\/fr\/wp-json\/wp\/v2\/pages"}],"about":[{"href":"https:\/\/anderreuss.ch\/fr\/wp-json\/wp\/v2\/types\/page"}],"author":[{"embeddable":true,"href":"https:\/\/anderreuss.ch\/fr\/wp-json\/wp\/v2\/users\/1"}],"replies":[{"embeddable":true,"href":"https:\/\/anderreuss.ch\/fr\/wp-json\/wp\/v2\/comments?post=1905"}],"version-history":[{"count":0,"href":"https:\/\/anderreuss.ch\/fr\/wp-json\/wp\/v2\/pages\/1905\/revisions"}],"up":[{"embeddable":true,"href":"https:\/\/anderreuss.ch\/fr\/wp-json\/wp\/v2\/pages\/1911"}],"wp:attachment":[{"href":"https:\/\/anderreuss.ch\/fr\/wp-json\/wp\/v2\/media?parent=1905"}],"curies":[{"name":"wp","href":"https:\/\/api.w.org\/{rel}","templated":true}]}}