{"id":1804,"date":"2023-02-06T11:07:56","date_gmt":"2023-02-06T10:07:56","guid":{"rendered":"https:\/\/anderreuss.ch\/startseite\/notre-metier\/reliure-a-dos-carre-colle\/"},"modified":"2023-02-13T16:48:51","modified_gmt":"2023-02-13T15:48:51","slug":"reliure-a-dos-carre-colle","status":"publish","type":"page","link":"https:\/\/anderreuss.ch\/fr\/startseite\/notre-metier\/reliure-a-dos-carre-colle\/","title":{"rendered":"Reliure \u00e0 dos carr\u00e9 coll\u00e9"},"content":{"rendered":"\t\t<div data-elementor-type=\"wp-page\" data-elementor-id=\"1804\" class=\"elementor elementor-1804 elementor-727\" data-elementor-post-type=\"page\">\n\t\t\t\t\t\t<section class=\"elementor-section elementor-top-section elementor-element elementor-element-1a1233f1 elementor-section-full_width elementor-section-content-top elementor-section-height-default elementor-section-height-default\" data-id=\"1a1233f1\" data-element_type=\"section\" data-e-type=\"section\">\n\t\t\t\t\t\t<div class=\"elementor-container elementor-column-gap-no\">\n\t\t\t\t\t<div class=\"elementor-column elementor-col-100 elementor-top-column elementor-element elementor-element-29c86451\" data-id=\"29c86451\" data-element_type=\"column\" data-e-type=\"column\">\n\t\t\t<div class=\"elementor-widget-wrap elementor-element-populated\">\n\t\t\t\t\t\t<div class=\"elementor-element elementor-element-23b202e elementor-widget elementor-widget-image\" data-id=\"23b202e\" data-element_type=\"widget\" data-e-type=\"widget\" data-widget_type=\"image.default\">\n\t\t\t\t<div class=\"elementor-widget-container\">\n\t\t\t\t\t\t\t\t\t\t\t\t\t\t\t<img decoding=\"async\" src=\"https:\/\/anderreuss.ch\/wp-content\/uploads\/2023\/02\/Hero_Klebebinden.jpg\" title=\"\" alt=\"\" loading=\"lazy\" \/>\t\t\t\t\t\t\t\t\t\t\t\t\t\t\t<\/div>\n\t\t\t\t<\/div>\n\t\t\t\t\t<\/div>\n\t\t<\/div>\n\t\t\t\t\t<\/div>\n\t\t<\/section>\n\t\t\t\t<section class=\"elementor-section elementor-top-section elementor-element elementor-element-5fb069ce elementor-section-boxed elementor-section-height-default elementor-section-height-default\" data-id=\"5fb069ce\" data-element_type=\"section\" data-e-type=\"section\">\n\t\t\t\t\t\t<div class=\"elementor-container elementor-column-gap-default\">\n\t\t\t\t\t<div class=\"elementor-column elementor-col-100 elementor-top-column elementor-element elementor-element-4e0a8ab4\" data-id=\"4e0a8ab4\" data-element_type=\"column\" data-e-type=\"column\">\n\t\t\t<div class=\"elementor-widget-wrap elementor-element-populated\">\n\t\t\t\t\t\t<div class=\"elementor-element elementor-element-5f38da elementor-invisible elementor-widget elementor-widget-heading\" data-id=\"5f38da\" data-element_type=\"widget\" data-e-type=\"widget\" data-settings=\"{&quot;_animation&quot;:&quot;fadeInLeft&quot;}\" data-widget_type=\"heading.default\">\n\t\t\t\t<div class=\"elementor-widget-container\">\n\t\t\t\t\t<h1 class=\"elementor-heading-title elementor-size-default\">Nous restons \u00e9troitement connect\u00e9s avec vos id\u00e9es<\/h1>\t\t\t\t<\/div>\n\t\t\t\t<\/div>\n\t\t\t\t<div class=\"elementor-element elementor-element-6a4f63c2 elementor-invisible elementor-widget elementor-widget-text-editor\" data-id=\"6a4f63c2\" data-element_type=\"widget\" data-e-type=\"widget\" data-settings=\"{&quot;_animation&quot;:&quot;fadeInRight&quot;}\" data-widget_type=\"text-editor.default\">\n\t\t\t\t<div class=\"elementor-widget-container\">\n\t\t\t\t\t\t\t\t\t<h2>Reliure \u00e0 dos carr\u00e9 coll\u00e9<\/h2>\n<div id=\"group4398\" class=\"cmsGroup cmsColSpan12 cmsCol1 cmsCol2 cmsCol3 cmsCol4 cmsCol5 cmsCol6 cmsCol7 cmsCol8 cmsCol9 cmsCol10 cmsCol11 cmsCol12\">\n<div id=\"cell4401\" class=\"cmsCell cmsColSpan12 cmsCol1 cmsCol2 cmsCol3 cmsCol4 cmsCol5 cmsCol6 cmsCol7 cmsCol8 cmsCol9 cmsCol10 cmsCol11 cmsCol12\">\n<p class=\"lead\">D\u2019abord, le plus important: pour nous, aucune reliure sans couture, qu\u2019elle soit toute mince ou tr\u00e8s \u00e9paisse, n\u2019est trop compliqu\u00e9e. Nos machines peuvent \u00eatre r\u00e9gl\u00e9es automatiquement pour des petits volumes et elles tourneront plus longtemps pour les plus grandes quantit\u00e9s. Parlez-nous de vos projets et nous nous chargerons de les r\u00e9aliser<\/p>\n<\/div>\n<\/div>\n\t\t\t\t\t\t\t\t<\/div>\n\t\t\t\t<\/div>\n\t\t\t\t\t<\/div>\n\t\t<\/div>\n\t\t\t\t\t<\/div>\n\t\t<\/section>\n\t\t<div class=\"elementor-element elementor-element-05cda8e e-flex e-con-boxed e-con e-parent\" data-id=\"05cda8e\" data-element_type=\"container\" data-e-type=\"container\">\n\t\t\t\t\t<div class=\"e-con-inner\">\n\t\t<div class=\"elementor-element elementor-element-0bcd140 e-con-full e-flex e-con e-parent\" data-id=\"0bcd140\" data-element_type=\"container\" data-e-type=\"container\">\n\t\t\t\t<div class=\"elementor-element elementor-element-e8d2ada _titleline elementor-widget elementor-widget-text-editor\" data-id=\"e8d2ada\" data-element_type=\"widget\" data-e-type=\"widget\" data-widget_type=\"text-editor.default\">\n\t\t\t\t<div class=\"elementor-widget-container\">\n\t\t\t\t\t\t\t\t\t<div id=\"cell3755\" class=\"cmsCell cmsColSpan6 cmsCol1 cmsCol2 cmsCol3 cmsCol4 cmsCol5 cmsCol6\">\n<h3>L\u2019essentiel en un coup d\u2019\u0153il<\/h3>\n<ul>\n<li>Installation moderne de reliure \u00e0 dos coll\u00e9 Acoro A7<br \/>\navec 24 stations<\/li>\n<li>Identification des feuilles au moyen de codes-barres ASIR 3<\/li>\n<li>Type de colle Hotmelt ou PUR<\/li>\n<li>Brochures de 1 mm \u00e0 4 cm d\u2019\u00e9paisseur<\/li>\n<li>Un ou deux rabats, franc-bord ou retrait<\/li>\n<li>Utoplex et traitement feuille \u00e0 feuille<\/li>\n<\/ul>\n<p>&nbsp;<\/p>\n<\/div>\n<div id=\"cell3753\" class=\"cmsCell cmsColSpan6 cmsCol1 cmsCol2 cmsCol3 cmsCol4 cmsCol5 cmsCol6\">\n<div id=\"group4406\" class=\"cmsGroup cmsColSpan8 cmsCol1 cmsCol2 cmsCol3 cmsCol4 cmsCol5 cmsCol6 cmsCol7 cmsCol8\">\n<div id=\"cell4409\" class=\"cmsCell cmsColSpan6 cmsCol1 cmsCol2 cmsCol3 cmsCol4 cmsCol5 cmsCol6\">\n<p>Pour les brochures, nous proposons le collage Hotmelt ou PUR d\u00e8s une \u00e9paisseur de 1\u00a0mm et nous pouvons les relier avec une multitude de mat\u00e9riaux diff\u00e9rents. C\u2019est bien volontiers que nous vous montrerons des exemples des possibilit\u00e9s de reliure \u00e0 dos carr\u00e9 coll\u00e9.<\/p>\n<\/div>\n<\/div>\n<\/div>\n\t\t\t\t\t\t\t\t<\/div>\n\t\t\t\t<\/div>\n\t\t\t\t<\/div>\n\t\t<div class=\"elementor-element elementor-element-d44a02d e-con-full e-flex e-con e-parent\" data-id=\"d44a02d\" data-element_type=\"container\" data-e-type=\"container\">\n\t\t\t\t<div class=\"elementor-element elementor-element-2db473b elementor-widget__width-initial elementor-absolute elementor-widget elementor-widget-spacer\" data-id=\"2db473b\" data-element_type=\"widget\" data-e-type=\"widget\" data-settings=\"{&quot;_position&quot;:&quot;absolute&quot;}\" data-widget_type=\"spacer.default\">\n\t\t\t\t<div class=\"elementor-widget-container\">\n\t\t\t\t\t\t\t<div class=\"elementor-spacer\">\n\t\t\t<div class=\"elementor-spacer-inner\"><\/div>\n\t\t<\/div>\n\t\t\t\t\t\t<\/div>\n\t\t\t\t<\/div>\n\t\t\t\t<div class=\"elementor-element elementor-element-ccca997 elementor-widget elementor-widget-text-editor\" data-id=\"ccca997\" data-element_type=\"widget\" data-e-type=\"widget\" data-widget_type=\"text-editor.default\">\n\t\t\t\t<div class=\"elementor-widget-container\">\n\t\t\t\t\t\t\t\t\t<h3>Download<\/h3>\n<p>Vous trouverez d\u2019autres renseignements sur la reliure \u00e0 dos carr\u00e9 coll\u00e9 en consultant notre notice d\u2019information.<\/p>\n\t\t\t\t\t\t\t\t<\/div>\n\t\t\t\t<\/div>\n\t\t\t\t<div class=\"elementor-element elementor-element-c7290e7 elementor-position-inline-start elementor-mobile-position-inline-start elementor-view-default elementor-widget elementor-widget-icon-box\" data-id=\"c7290e7\" data-element_type=\"widget\" data-e-type=\"widget\" data-widget_type=\"icon-box.default\">\n\t\t\t\t<div class=\"elementor-widget-container\">\n\t\t\t\t\t\t\t<div class=\"elementor-icon-box-wrapper\">\n\n\t\t\t\t\t\t<div class=\"elementor-icon-box-icon\">\n\t\t\t\t<a href=\"https:\/\/anderreuss.ch\/wp-content\/uploads\/2023\/02\/klebebinden.pdf\" target=\"_blank\" class=\"elementor-icon elementor-animation-grow\" tabindex=\"-1\" aria-label=\"Reliure \u00e0 dos carr\u00e9 coll\u00e9\">\n\t\t\t\t<i aria-hidden=\"true\" class=\"far fa-file-pdf\"><\/i>\t\t\t\t<\/a>\n\t\t\t<\/div>\n\t\t\t\n\t\t\t\t\t\t<div class=\"elementor-icon-box-content\">\n\n\t\t\t\t\t\t\t\t\t<p class=\"elementor-icon-box-title\">\n\t\t\t\t\t\t<a href=\"https:\/\/anderreuss.ch\/wp-content\/uploads\/2023\/02\/klebebinden.pdf\" target=\"_blank\" >\n\t\t\t\t\t\t\tReliure \u00e0 dos carr\u00e9 coll\u00e9\t\t\t\t\t\t<\/a>\n\t\t\t\t\t<\/p>\n\t\t\t\t\n\t\t\t\t\n\t\t\t<\/div>\n\t\t\t\n\t\t<\/div>\n\t\t\t\t\t\t<\/div>\n\t\t\t\t<\/div>\n\t\t\t\t<\/div>\n\t\t<div class=\"elementor-element elementor-element-e259cc4 e-con-full e-flex e-con e-parent\" data-id=\"e259cc4\" data-element_type=\"container\" data-e-type=\"container\">\n\t\t\t\t<div class=\"elementor-element elementor-element-7428786 elementor-widget elementor-widget-gallery\" data-id=\"7428786\" data-element_type=\"widget\" data-e-type=\"widget\" data-settings=\"{&quot;columns&quot;:2,&quot;gap&quot;:{&quot;unit&quot;:&quot;px&quot;,&quot;size&quot;:52,&quot;sizes&quot;:[]},&quot;lazyload&quot;:&quot;yes&quot;,&quot;gallery_layout&quot;:&quot;grid&quot;,&quot;columns_tablet&quot;:2,&quot;columns_mobile&quot;:1,&quot;gap_widescreen&quot;:{&quot;unit&quot;:&quot;px&quot;,&quot;size&quot;:&quot;&quot;,&quot;sizes&quot;:[]},&quot;gap_laptop&quot;:{&quot;unit&quot;:&quot;px&quot;,&quot;size&quot;:10,&quot;sizes&quot;:[]},&quot;gap_tablet&quot;:{&quot;unit&quot;:&quot;px&quot;,&quot;size&quot;:10,&quot;sizes&quot;:[]},&quot;gap_mobile&quot;:{&quot;unit&quot;:&quot;px&quot;,&quot;size&quot;:10,&quot;sizes&quot;:[]},&quot;link_to&quot;:&quot;file&quot;,&quot;aspect_ratio&quot;:&quot;3:2&quot;,&quot;overlay_background&quot;:&quot;yes&quot;,&quot;content_hover_animation&quot;:&quot;fade-in&quot;}\" data-widget_type=\"gallery.default\">\n\t\t\t\t<div class=\"elementor-widget-container\">\n\t\t\t\t\t\t\t<div class=\"elementor-gallery__container\">\n\t\t\t\t\t\t\t<a class=\"e-gallery-item elementor-gallery-item elementor-animated-content\" href=\"https:\/\/anderreuss.ch\/wp-content\/uploads\/2023\/02\/AlegroA7a.jpg\" data-elementor-open-lightbox=\"yes\" data-elementor-lightbox-slideshow=\"7428786\" data-e-action-hash=\"#elementor-action%3Aaction%3Dlightbox%26settings%3DeyJpZCI6NzU2LCJ1cmwiOiJodHRwczpcL1wvYW5kZXJyZXVzcy5jaFwvd3AtY29udGVudFwvdXBsb2Fkc1wvMjAyM1wvMDJcL0FsZWdyb0E3YS5qcGciLCJzbGlkZXNob3ciOiI3NDI4Nzg2In0%3D\">\n\t\t\t\t\t<div class=\"e-gallery-image elementor-gallery-item__image\" data-thumbnail=\"https:\/\/anderreuss.ch\/wp-content\/uploads\/2023\/02\/AlegroA7a.jpg\" data-width=\"800\" data-height=\"533\" aria-label=\"\" role=\"img\" ><\/div>\n\t\t\t\t\t\t\t\t\t\t\t<div class=\"elementor-gallery-item__overlay\"><\/div>\n\t\t\t\t\t\t\t\t\t\t\t\t\t\t<\/a>\n\t\t\t\t\t\t\t<a class=\"e-gallery-item elementor-gallery-item elementor-animated-content\" href=\"https:\/\/anderreuss.ch\/wp-content\/uploads\/2023\/02\/AlegroA7.jpg\" data-elementor-open-lightbox=\"yes\" data-elementor-lightbox-slideshow=\"7428786\" data-e-action-hash=\"#elementor-action%3Aaction%3Dlightbox%26settings%3DeyJpZCI6NzU1LCJ1cmwiOiJodHRwczpcL1wvYW5kZXJyZXVzcy5jaFwvd3AtY29udGVudFwvdXBsb2Fkc1wvMjAyM1wvMDJcL0FsZWdyb0E3LmpwZyIsInNsaWRlc2hvdyI6Ijc0Mjg3ODYifQ%3D%3D\">\n\t\t\t\t\t<div class=\"e-gallery-image elementor-gallery-item__image\" data-thumbnail=\"https:\/\/anderreuss.ch\/wp-content\/uploads\/2023\/02\/AlegroA7.jpg\" data-width=\"800\" data-height=\"533\" aria-label=\"\" role=\"img\" ><\/div>\n\t\t\t\t\t\t\t\t\t\t\t<div class=\"elementor-gallery-item__overlay\"><\/div>\n\t\t\t\t\t\t\t\t\t\t\t\t\t\t<\/a>\n\t\t\t\t\t<\/div>\n\t\t\t\t\t<\/div>\n\t\t\t\t<\/div>\n\t\t\t\t<\/div>\n\t\t\t\t\t<\/div>\n\t\t\t\t<\/div>\n\t\t<div class=\"elementor-element elementor-element-3f0b6c4e e-flex e-con-boxed e-con e-parent\" data-id=\"3f0b6c4e\" data-element_type=\"container\" data-e-type=\"container\">\n\t\t\t\t\t<div class=\"e-con-inner\">\n\t\t\t\t\t<\/div>\n\t\t\t\t<\/div>\n\t\t\t\t<\/div>\n\t\t","protected":false},"excerpt":{"rendered":"<p>Nous restons \u00e9troitement connect\u00e9s avec vos id\u00e9es Reliure \u00e0 dos carr\u00e9 coll\u00e9 D\u2019abord, le plus important: pour nous, aucune reliure sans couture, qu\u2019elle soit toute mince ou tr\u00e8s \u00e9paisse, n\u2019est trop compliqu\u00e9e. Nos machines peuvent \u00eatre r\u00e9gl\u00e9es automatiquement pour des petits volumes et elles tourneront plus longtemps pour les plus grandes quantit\u00e9s. Parlez-nous de vos [&hellip;]<\/p>\n","protected":false},"author":1,"featured_media":0,"parent":1794,"menu_order":10,"comment_status":"closed","ping_status":"closed","template":"","meta":{"footnotes":""},"class_list":["post-1804","page","type-page","status-publish","hentry"],"_links":{"self":[{"href":"https:\/\/anderreuss.ch\/fr\/wp-json\/wp\/v2\/pages\/1804","targetHints":{"allow":["GET"]}}],"collection":[{"href":"https:\/\/anderreuss.ch\/fr\/wp-json\/wp\/v2\/pages"}],"about":[{"href":"https:\/\/anderreuss.ch\/fr\/wp-json\/wp\/v2\/types\/page"}],"author":[{"embeddable":true,"href":"https:\/\/anderreuss.ch\/fr\/wp-json\/wp\/v2\/users\/1"}],"replies":[{"embeddable":true,"href":"https:\/\/anderreuss.ch\/fr\/wp-json\/wp\/v2\/comments?post=1804"}],"version-history":[{"count":0,"href":"https:\/\/anderreuss.ch\/fr\/wp-json\/wp\/v2\/pages\/1804\/revisions"}],"up":[{"embeddable":true,"href":"https:\/\/anderreuss.ch\/fr\/wp-json\/wp\/v2\/pages\/1794"}],"wp:attachment":[{"href":"https:\/\/anderreuss.ch\/fr\/wp-json\/wp\/v2\/media?parent=1804"}],"curies":[{"name":"wp","href":"https:\/\/api.w.org\/{rel}","templated":true}]}}