{"id":1796,"date":"2023-01-11T16:07:25","date_gmt":"2023-01-11T15:07:25","guid":{"rendered":"https:\/\/anderreuss.ch\/startseite\/acutalites\/"},"modified":"2023-06-14T15:43:11","modified_gmt":"2023-06-14T13:43:11","slug":"acutalites","status":"publish","type":"page","link":"https:\/\/anderreuss.ch\/fr\/startseite\/acutalites\/","title":{"rendered":"Acutalit\u00e9s"},"content":{"rendered":"\t\t<div data-elementor-type=\"wp-page\" data-elementor-id=\"1796\" class=\"elementor elementor-1796 elementor-64\" data-elementor-post-type=\"page\">\n\t\t\t\t\t\t<section class=\"elementor-section elementor-top-section elementor-element elementor-element-f8317e8 elementor-section-full_width elementor-section-content-top elementor-section-height-default elementor-section-height-default\" data-id=\"f8317e8\" data-element_type=\"section\" data-e-type=\"section\">\n\t\t\t\t\t\t<div class=\"elementor-container elementor-column-gap-no\">\n\t\t\t\t\t<div class=\"elementor-column elementor-col-100 elementor-top-column elementor-element elementor-element-231af5f\" data-id=\"231af5f\" data-element_type=\"column\" data-e-type=\"column\">\n\t\t\t<div class=\"elementor-widget-wrap elementor-element-populated\">\n\t\t\t\t\t\t<div class=\"elementor-element elementor-element-9c2a1bc elementor-widget elementor-widget-image\" data-id=\"9c2a1bc\" data-element_type=\"widget\" data-e-type=\"widget\" data-widget_type=\"image.default\">\n\t\t\t\t<div class=\"elementor-widget-container\">\n\t\t\t\t\t\t\t\t\t\t\t\t\t\t\t<img fetchpriority=\"high\" decoding=\"async\" width=\"2000\" height=\"470\" src=\"https:\/\/anderreuss.ch\/wp-content\/uploads\/2023\/02\/Hero_aktuell_filter.jpg\" class=\"attachment-full size-full wp-image-2071\" alt=\"\" srcset=\"https:\/\/anderreuss.ch\/wp-content\/uploads\/2023\/02\/Hero_aktuell_filter.jpg 2000w, https:\/\/anderreuss.ch\/wp-content\/uploads\/2023\/02\/Hero_aktuell_filter-300x71.jpg 300w, https:\/\/anderreuss.ch\/wp-content\/uploads\/2023\/02\/Hero_aktuell_filter-1024x241.jpg 1024w, https:\/\/anderreuss.ch\/wp-content\/uploads\/2023\/02\/Hero_aktuell_filter-768x180.jpg 768w, https:\/\/anderreuss.ch\/wp-content\/uploads\/2023\/02\/Hero_aktuell_filter-1536x361.jpg 1536w\" sizes=\"(max-width: 2000px) 100vw, 2000px\" \/>\t\t\t\t\t\t\t\t\t\t\t\t\t\t\t<\/div>\n\t\t\t\t<\/div>\n\t\t\t\t\t<\/div>\n\t\t<\/div>\n\t\t\t\t\t<\/div>\n\t\t<\/section>\n\t\t\t\t<section class=\"elementor-section elementor-top-section elementor-element elementor-element-3ea4906 elementor-section-boxed elementor-section-height-default elementor-section-height-default\" data-id=\"3ea4906\" data-element_type=\"section\" data-e-type=\"section\">\n\t\t\t\t\t\t<div class=\"elementor-container elementor-column-gap-default\">\n\t\t\t\t\t<div class=\"elementor-column elementor-col-100 elementor-top-column elementor-element elementor-element-0252085\" data-id=\"0252085\" data-element_type=\"column\" data-e-type=\"column\">\n\t\t\t<div class=\"elementor-widget-wrap elementor-element-populated\">\n\t\t\t\t\t\t<div class=\"elementor-element elementor-element-6354d0a elementor-widget elementor-widget-heading\" data-id=\"6354d0a\" data-element_type=\"widget\" data-e-type=\"widget\" data-widget_type=\"heading.default\">\n\t\t\t\t<div class=\"elementor-widget-container\">\n\t\t\t\t\t<h1 class=\"elementor-heading-title elementor-size-default\">Restez \u00e0 jour avec nous<\/h1>\t\t\t\t<\/div>\n\t\t\t\t<\/div>\n\t\t\t\t<div class=\"elementor-element elementor-element-8200ca9 elementor-grid-tablet-3 elementor-posts__hover-none elementor-grid-3 elementor-grid-mobile-1 elementor-posts--thumbnail-top elementor-card-shadow-yes elementor-widget elementor-widget-posts\" data-id=\"8200ca9\" data-element_type=\"widget\" data-e-type=\"widget\" data-settings=\"{&quot;pagination_type&quot;:&quot;load_more_infinite_scroll&quot;,&quot;cards_columns_tablet&quot;:&quot;3&quot;,&quot;cards_columns&quot;:&quot;3&quot;,&quot;cards_columns_mobile&quot;:&quot;1&quot;,&quot;cards_row_gap&quot;:{&quot;unit&quot;:&quot;px&quot;,&quot;size&quot;:35,&quot;sizes&quot;:[]},&quot;cards_row_gap_widescreen&quot;:{&quot;unit&quot;:&quot;px&quot;,&quot;size&quot;:&quot;&quot;,&quot;sizes&quot;:[]},&quot;cards_row_gap_laptop&quot;:{&quot;unit&quot;:&quot;px&quot;,&quot;size&quot;:&quot;&quot;,&quot;sizes&quot;:[]},&quot;cards_row_gap_tablet&quot;:{&quot;unit&quot;:&quot;px&quot;,&quot;size&quot;:&quot;&quot;,&quot;sizes&quot;:[]},&quot;cards_row_gap_mobile&quot;:{&quot;unit&quot;:&quot;px&quot;,&quot;size&quot;:&quot;&quot;,&quot;sizes&quot;:[]},&quot;load_more_spinner&quot;:{&quot;value&quot;:&quot;fas fa-spinner&quot;,&quot;library&quot;:&quot;fa-solid&quot;}}\" data-widget_type=\"posts.cards\">\n\t\t\t\t<div class=\"elementor-widget-container\">\n\t\t\t\t\t\t\t<div class=\"elementor-posts-container elementor-posts elementor-posts--skin-cards elementor-grid\" role=\"list\">\n\t\t\t\t<article class=\"elementor-post elementor-grid-item post-2463 post type-post status-publish format-standard has-post-thumbnail hentry category-non-classifiee\" role=\"listitem\">\n\t\t\t<div class=\"elementor-post__card\">\n\t\t\t\t<a class=\"elementor-post__thumbnail__link\" href=\"https:\/\/anderreuss.ch\/fr\/un-nouveau-responsable-a-votre-service\/\" tabindex=\"-1\" ><div class=\"elementor-post__thumbnail\"><img decoding=\"async\" width=\"2560\" height=\"1427\" src=\"https:\/\/anderreuss.ch\/wp-content\/uploads\/2023\/06\/PatrickDietrich-Querformat-scaled.jpg\" class=\"attachment-full size-full wp-image-2558\" alt=\"\" srcset=\"https:\/\/anderreuss.ch\/wp-content\/uploads\/2023\/06\/PatrickDietrich-Querformat-scaled.jpg 2560w, https:\/\/anderreuss.ch\/wp-content\/uploads\/2023\/06\/PatrickDietrich-Querformat-300x167.jpg 300w, https:\/\/anderreuss.ch\/wp-content\/uploads\/2023\/06\/PatrickDietrich-Querformat-1024x571.jpg 1024w, https:\/\/anderreuss.ch\/wp-content\/uploads\/2023\/06\/PatrickDietrich-Querformat-768x428.jpg 768w, https:\/\/anderreuss.ch\/wp-content\/uploads\/2023\/06\/PatrickDietrich-Querformat-1536x856.jpg 1536w, https:\/\/anderreuss.ch\/wp-content\/uploads\/2023\/06\/PatrickDietrich-Querformat-2048x1142.jpg 2048w\" sizes=\"(max-width: 2560px) 100vw, 2560px\" \/><\/div><\/a>\n\t\t\t\t<div class=\"elementor-post__text\">\n\t\t\t\t<h3 class=\"elementor-post__title\">\n\t\t\t<a href=\"https:\/\/anderreuss.ch\/fr\/un-nouveau-responsable-a-votre-service\/\" >\n\t\t\t\tUn nouveau responsable \u00e0 votre service\t\t\t<\/a>\n\t\t<\/h3>\n\t\t\t\t<div class=\"elementor-post__excerpt\">\n\t\t\t<p>Depuis ce printemps, Patrick Dietrich est le responsable de notre \u00e9quipe commerciale. Ainsi, nous avons davantage de temps \u00e0 consacrer \u00e0 vos souhaits et nous pouvons y r\u00e9pondre en vous proposant des solutions encore plus cr\u00e9atives.<\/p>\n\t\t<\/div>\n\t\t\n\t\t<a class=\"elementor-post__read-more\" href=\"https:\/\/anderreuss.ch\/fr\/un-nouveau-responsable-a-votre-service\/\" aria-label=\"En savoir plus sur Un nouveau responsable \u00e0 votre service\" tabindex=\"-1\" >\n\t\t\tEn savoir plus\t\t<\/a>\n\n\t\t\t\t<\/div>\n\t\t\t\t<div class=\"elementor-post__meta-data\">\n\t\t\t\t\t<span class=\"elementor-post-date\">\n\t\t\t7 juin 2023\t\t<\/span>\n\t\t\t\t<\/div>\n\t\t\t\t\t<\/div>\n\t\t<\/article>\n\t\t\t\t<article class=\"elementor-post elementor-grid-item post-1815 post type-post status-publish format-standard has-post-thumbnail hentry category-non-classifiee\" role=\"listitem\">\n\t\t\t<div class=\"elementor-post__card\">\n\t\t\t\t<a class=\"elementor-post__thumbnail__link\" href=\"https:\/\/anderreuss.ch\/fr\/notre-nouvelle-box\/\" tabindex=\"-1\" ><div class=\"elementor-post__thumbnail\"><img decoding=\"async\" width=\"600\" height=\"800\" src=\"https:\/\/anderreuss.ch\/wp-content\/uploads\/2023\/02\/Kollektionsbox1.jpg\" class=\"attachment-full size-full wp-image-1726\" alt=\"\" srcset=\"https:\/\/anderreuss.ch\/wp-content\/uploads\/2023\/02\/Kollektionsbox1.jpg 600w, https:\/\/anderreuss.ch\/wp-content\/uploads\/2023\/02\/Kollektionsbox1-225x300.jpg 225w\" sizes=\"(max-width: 600px) 100vw, 600px\" \/><\/div><\/a>\n\t\t\t\t<div class=\"elementor-post__text\">\n\t\t\t\t<h3 class=\"elementor-post__title\">\n\t\t\t<a href=\"https:\/\/anderreuss.ch\/fr\/notre-nouvelle-box\/\" >\n\t\t\t\tNotre nouvelle box\t\t\t<\/a>\n\t\t<\/h3>\n\t\t\t\t<div class=\"elementor-post__excerpt\">\n\t\t\t<p>Bien conseiller nos clientes et clients est tellement important \u2013 c\u2019est le b-a ba des prestataires de service que nous sommes. Aujourd\u2019hui, nous souhaitons d\u00e8s lors vous proposer un extra concret pour votre service \u00e0 la client\u00e8le: notre nouvelle box qui r\u00e9unit une collection de 15 brochures au top. Celles-ci peuvent par ailleurs toutes \u00eatre produites par Alegro A7, notre syst\u00e8me ultraperformant de reliure \u00e0 colle.<\/p>\n\t\t<\/div>\n\t\t\n\t\t<a class=\"elementor-post__read-more\" href=\"https:\/\/anderreuss.ch\/fr\/notre-nouvelle-box\/\" aria-label=\"En savoir plus sur Notre nouvelle box\" tabindex=\"-1\" >\n\t\t\tEn savoir plus\t\t<\/a>\n\n\t\t\t\t<\/div>\n\t\t\t\t<div class=\"elementor-post__meta-data\">\n\t\t\t\t\t<span class=\"elementor-post-date\">\n\t\t\t15 janvier 2020\t\t<\/span>\n\t\t\t\t<\/div>\n\t\t\t\t\t<\/div>\n\t\t<\/article>\n\t\t\t\t<article class=\"elementor-post elementor-grid-item post-1979 post type-post status-publish format-standard has-post-thumbnail hentry category-non-classifiee\" role=\"listitem\">\n\t\t\t<div class=\"elementor-post__card\">\n\t\t\t\t<a class=\"elementor-post__thumbnail__link\" href=\"https:\/\/anderreuss.ch\/fr\/nouvelle-collection\/\" tabindex=\"-1\" ><div class=\"elementor-post__thumbnail\"><img loading=\"lazy\" decoding=\"async\" width=\"800\" height=\"533\" src=\"https:\/\/anderreuss.ch\/wp-content\/uploads\/2023\/02\/kollektion3.jpg\" class=\"attachment-full size-full wp-image-1989\" alt=\"\" srcset=\"https:\/\/anderreuss.ch\/wp-content\/uploads\/2023\/02\/kollektion3.jpg 800w, https:\/\/anderreuss.ch\/wp-content\/uploads\/2023\/02\/kollektion3-300x200.jpg 300w, https:\/\/anderreuss.ch\/wp-content\/uploads\/2023\/02\/kollektion3-768x512.jpg 768w\" sizes=\"(max-width: 800px) 100vw, 800px\" \/><\/div><\/a>\n\t\t\t\t<div class=\"elementor-post__text\">\n\t\t\t\t<h3 class=\"elementor-post__title\">\n\t\t\t<a href=\"https:\/\/anderreuss.ch\/fr\/nouvelle-collection\/\" >\n\t\t\t\tNouvelle Collection\t\t\t<\/a>\n\t\t<\/h3>\n\t\t\t\t<div class=\"elementor-post__excerpt\">\n\t\t\t<p>Nous consid\u00e9rons cette p\u00e9riode particuli\u00e8re comme un temps que nous entendons d\u00e9dier \u00e0 la cr\u00e9ativit\u00e9. Nous sommes d\u00e8s lors en train de vous concocter une collection vari\u00e9e qui est compos\u00e9e de nouvelles sortes de brochures. Gr\u00e2ce \u00e0 Alegro A7, notre nouveau syst\u00e8me de reliure \u00e0 colle, nous les produisons avec la m\u00eame efficience que les brochures traditionnelles. Nous vous pr\u00e9senterons personnellement cette nouvelle collection d\u00e8s que les rencontres seront \u00e0 nouveau raisonnables.<\/p>\n\t\t<\/div>\n\t\t\n\t\t<a class=\"elementor-post__read-more\" href=\"https:\/\/anderreuss.ch\/fr\/nouvelle-collection\/\" aria-label=\"En savoir plus sur Nouvelle Collection\" tabindex=\"-1\" >\n\t\t\tEn savoir plus\t\t<\/a>\n\n\t\t\t\t<\/div>\n\t\t\t\t<div class=\"elementor-post__meta-data\">\n\t\t\t\t\t<span class=\"elementor-post-date\">\n\t\t\t14 janvier 2020\t\t<\/span>\n\t\t\t\t<\/div>\n\t\t\t\t\t<\/div>\n\t\t<\/article>\n\t\t\t\t<article class=\"elementor-post elementor-grid-item post-1975 post type-post status-publish format-standard has-post-thumbnail hentry category-non-classifiee\" role=\"listitem\">\n\t\t\t<div class=\"elementor-post__card\">\n\t\t\t\t<a class=\"elementor-post__thumbnail__link\" href=\"https:\/\/anderreuss.ch\/fr\/en-2020-la-nouveaute-prime\/\" tabindex=\"-1\" ><div class=\"elementor-post__thumbnail\"><img loading=\"lazy\" decoding=\"async\" width=\"533\" height=\"800\" src=\"https:\/\/anderreuss.ch\/wp-content\/uploads\/2023\/02\/Tag20042C20Kran.jpg\" class=\"attachment-full size-full wp-image-1768\" alt=\"\" srcset=\"https:\/\/anderreuss.ch\/wp-content\/uploads\/2023\/02\/Tag20042C20Kran.jpg 533w, https:\/\/anderreuss.ch\/wp-content\/uploads\/2023\/02\/Tag20042C20Kran-200x300.jpg 200w\" sizes=\"(max-width: 533px) 100vw, 533px\" \/><\/div><\/a>\n\t\t\t\t<div class=\"elementor-post__text\">\n\t\t\t\t<h3 class=\"elementor-post__title\">\n\t\t\t<a href=\"https:\/\/anderreuss.ch\/fr\/en-2020-la-nouveaute-prime\/\" >\n\t\t\t\tEn 2020, la nouveaut\u00e9 prime\t\t\t<\/a>\n\t\t<\/h3>\n\t\t\t\t<div class=\"elementor-post__excerpt\">\n\t\t\t<p>Apr\u00e8s 15 jours de montage, 100 cartons de pizzas vid\u00e9s et plusieurs milliers de rotations de tournevis, notre nouveau syst\u00e8me de reliure \u00e0 colle, Alegro A7, peut commencer sa production.<\/p>\n\t\t<\/div>\n\t\t\n\t\t<a class=\"elementor-post__read-more\" href=\"https:\/\/anderreuss.ch\/fr\/en-2020-la-nouveaute-prime\/\" aria-label=\"En savoir plus sur En 2020, la nouveaut\u00e9 prime\" tabindex=\"-1\" >\n\t\t\tEn savoir plus\t\t<\/a>\n\n\t\t\t\t<\/div>\n\t\t\t\t<div class=\"elementor-post__meta-data\">\n\t\t\t\t\t<span class=\"elementor-post-date\">\n\t\t\t1 janvier 2020\t\t<\/span>\n\t\t\t\t<\/div>\n\t\t\t\t\t<\/div>\n\t\t<\/article>\n\t\t\t\t<article class=\"elementor-post elementor-grid-item post-1977 post type-post status-publish format-standard has-post-thumbnail hentry category-non-classifiee\" role=\"listitem\">\n\t\t\t<div class=\"elementor-post__card\">\n\t\t\t\t<a class=\"elementor-post__thumbnail__link\" href=\"https:\/\/anderreuss.ch\/fr\/visite-du-montage-de-notre-alegro-a7-a-zofingen\/\" tabindex=\"-1\" ><div class=\"elementor-post__thumbnail\"><img loading=\"lazy\" decoding=\"async\" width=\"600\" height=\"397\" src=\"https:\/\/anderreuss.ch\/wp-content\/uploads\/2023\/02\/GL20vor20Alegro.jpg\" class=\"attachment-full size-full wp-image-1769\" alt=\"\" srcset=\"https:\/\/anderreuss.ch\/wp-content\/uploads\/2023\/02\/GL20vor20Alegro.jpg 600w, https:\/\/anderreuss.ch\/wp-content\/uploads\/2023\/02\/GL20vor20Alegro-300x199.jpg 300w\" sizes=\"(max-width: 600px) 100vw, 600px\" \/><\/div><\/a>\n\t\t\t\t<div class=\"elementor-post__text\">\n\t\t\t\t<h3 class=\"elementor-post__title\">\n\t\t\t<a href=\"https:\/\/anderreuss.ch\/fr\/visite-du-montage-de-notre-alegro-a7-a-zofingen\/\" >\n\t\t\t\tVisite du montage de notre Alegro A7 \u00e0 Zofingen\t\t\t<\/a>\n\t\t<\/h3>\n\t\t\t\t<div class=\"elementor-post__excerpt\">\n\t\t\t<p>Fin octobre, la direction d\u2019An der Reuss a \u00e9t\u00e9 convi\u00e9e \u00e0 Zofingen afin d\u2019inspecter la progression de la construction de notre nouvelle installation de reliure Alegro A7.<\/p>\n\t\t<\/div>\n\t\t\n\t\t<a class=\"elementor-post__read-more\" href=\"https:\/\/anderreuss.ch\/fr\/visite-du-montage-de-notre-alegro-a7-a-zofingen\/\" aria-label=\"En savoir plus sur Visite du montage de notre Alegro A7 \u00e0 Zofingen\" tabindex=\"-1\" >\n\t\t\tEn savoir plus\t\t<\/a>\n\n\t\t\t\t<\/div>\n\t\t\t\t<div class=\"elementor-post__meta-data\">\n\t\t\t\t\t<span class=\"elementor-post-date\">\n\t\t\t22 octobre 2019\t\t<\/span>\n\t\t\t\t<\/div>\n\t\t\t\t\t<\/div>\n\t\t<\/article>\n\t\t\t\t<\/div>\n\t\t\t\t\t<span class=\"e-load-more-spinner\">\n\t\t\t\t<i aria-hidden=\"true\" class=\"fas fa-spinner\"><\/i>\t\t\t<\/span>\n\t\t\n\t\t\t\t\t\t<\/div>\n\t\t\t\t<\/div>\n\t\t\t\t\t<\/div>\n\t\t<\/div>\n\t\t\t\t\t<\/div>\n\t\t<\/section>\n\t\t\t\t<\/div>\n\t\t","protected":false},"excerpt":{"rendered":"<p>Restez \u00e0 jour avec nous<\/p>\n","protected":false},"author":1,"featured_media":0,"parent":1791,"menu_order":3,"comment_status":"closed","ping_status":"closed","template":"","meta":{"footnotes":""},"class_list":["post-1796","page","type-page","status-publish","hentry"],"_links":{"self":[{"href":"https:\/\/anderreuss.ch\/fr\/wp-json\/wp\/v2\/pages\/1796","targetHints":{"allow":["GET"]}}],"collection":[{"href":"https:\/\/anderreuss.ch\/fr\/wp-json\/wp\/v2\/pages"}],"about":[{"href":"https:\/\/anderreuss.ch\/fr\/wp-json\/wp\/v2\/types\/page"}],"author":[{"embeddable":true,"href":"https:\/\/anderreuss.ch\/fr\/wp-json\/wp\/v2\/users\/1"}],"replies":[{"embeddable":true,"href":"https:\/\/anderreuss.ch\/fr\/wp-json\/wp\/v2\/comments?post=1796"}],"version-history":[{"count":0,"href":"https:\/\/anderreuss.ch\/fr\/wp-json\/wp\/v2\/pages\/1796\/revisions"}],"up":[{"embeddable":true,"href":"https:\/\/anderreuss.ch\/fr\/wp-json\/wp\/v2\/pages\/1791"}],"wp:attachment":[{"href":"https:\/\/anderreuss.ch\/fr\/wp-json\/wp\/v2\/media?parent=1796"}],"curies":[{"name":"wp","href":"https:\/\/api.w.org\/{rel}","templated":true}]}}