{"id":1794,"date":"2023-01-11T16:07:20","date_gmt":"2023-01-11T15:07:20","guid":{"rendered":"https:\/\/anderreuss.ch\/startseite\/notre-metier\/"},"modified":"2023-02-13T16:10:22","modified_gmt":"2023-02-13T15:10:22","slug":"notre-metier","status":"publish","type":"page","link":"https:\/\/anderreuss.ch\/fr\/startseite\/notre-metier\/","title":{"rendered":"Notre m\u00e9tier"},"content":{"rendered":"\t\t<div data-elementor-type=\"wp-page\" data-elementor-id=\"1794\" class=\"elementor elementor-1794 elementor-63\" data-elementor-post-type=\"page\">\n\t\t\t\t\t\t<section class=\"elementor-section elementor-top-section elementor-element elementor-element-e91d8f9 elementor-section-full_width elementor-section-content-top elementor-section-height-default elementor-section-height-default\" data-id=\"e91d8f9\" data-element_type=\"section\" data-e-type=\"section\">\n\t\t\t\t\t\t<div class=\"elementor-container elementor-column-gap-no\">\n\t\t\t\t\t<div class=\"elementor-column elementor-col-100 elementor-top-column elementor-element elementor-element-b3d2688\" data-id=\"b3d2688\" data-element_type=\"column\" data-e-type=\"column\">\n\t\t\t<div class=\"elementor-widget-wrap elementor-element-populated\">\n\t\t\t\t\t\t<div class=\"elementor-element elementor-element-3151c22 elementor-widget elementor-widget-global elementor-global-396 elementor-widget-image\" data-id=\"3151c22\" data-element_type=\"widget\" data-e-type=\"widget\" data-widget_type=\"image.default\">\n\t\t\t\t<div class=\"elementor-widget-container\">\n\t\t\t\t\t\t\t\t\t\t\t\t\t\t\t<img fetchpriority=\"high\" decoding=\"async\" width=\"2000\" height=\"1333\" src=\"https:\/\/anderreuss.ch\/wp-content\/uploads\/2023\/01\/Hero_Header_Halle-von-oben.jpg\" class=\"attachment-full size-full wp-image-1558\" alt=\"\" srcset=\"https:\/\/anderreuss.ch\/wp-content\/uploads\/2023\/01\/Hero_Header_Halle-von-oben.jpg 2000w, https:\/\/anderreuss.ch\/wp-content\/uploads\/2023\/01\/Hero_Header_Halle-von-oben-300x200.jpg 300w, https:\/\/anderreuss.ch\/wp-content\/uploads\/2023\/01\/Hero_Header_Halle-von-oben-1024x682.jpg 1024w, https:\/\/anderreuss.ch\/wp-content\/uploads\/2023\/01\/Hero_Header_Halle-von-oben-768x512.jpg 768w, https:\/\/anderreuss.ch\/wp-content\/uploads\/2023\/01\/Hero_Header_Halle-von-oben-1536x1024.jpg 1536w\" sizes=\"(max-width: 2000px) 100vw, 2000px\" \/>\t\t\t\t\t\t\t\t\t\t\t\t\t\t\t<\/div>\n\t\t\t\t<\/div>\n\t\t\t\t\t<\/div>\n\t\t<\/div>\n\t\t\t\t\t<\/div>\n\t\t<\/section>\n\t\t\t\t<section class=\"elementor-section elementor-top-section elementor-element elementor-element-7fc6f34 elementor-section-boxed elementor-section-height-default elementor-section-height-default\" data-id=\"7fc6f34\" data-element_type=\"section\" data-e-type=\"section\">\n\t\t\t\t\t\t<div class=\"elementor-container elementor-column-gap-default\">\n\t\t\t\t\t<div class=\"elementor-column elementor-col-100 elementor-top-column elementor-element elementor-element-4f9e3c3\" data-id=\"4f9e3c3\" data-element_type=\"column\" data-e-type=\"column\">\n\t\t\t<div class=\"elementor-widget-wrap elementor-element-populated\">\n\t\t\t\t\t\t<div class=\"elementor-element elementor-element-4fe894e elementor-invisible elementor-widget elementor-widget-heading\" data-id=\"4fe894e\" data-element_type=\"widget\" data-e-type=\"widget\" data-settings=\"{&quot;_animation&quot;:&quot;fadeInLeft&quot;}\" data-widget_type=\"heading.default\">\n\t\t\t\t<div class=\"elementor-widget-container\">\n\t\t\t\t\t<h1 class=\"elementor-heading-title elementor-size-default\">\u00c0 l\u2019ouvrage avec la t\u00eate et les mains<\/h1>\t\t\t\t<\/div>\n\t\t\t\t<\/div>\n\t\t\t\t<div class=\"elementor-element elementor-element-6571360 elementor-invisible elementor-widget elementor-widget-text-editor\" data-id=\"6571360\" data-element_type=\"widget\" data-e-type=\"widget\" data-settings=\"{&quot;_animation&quot;:&quot;fadeInRight&quot;}\" data-widget_type=\"text-editor.default\">\n\t\t\t\t<div class=\"elementor-widget-container\">\n\t\t\t\t\t\t\t\t\t<h2>Afin que vos produits parlent d\u2019eux-m\u00eames<\/h2>\n<h5>Reliure \u00e0 dos carr\u00e9 coll\u00e9, reliure m\u00e9tal (agrafes), reliure WIRO, pliage, d\u00e9coupe de r\u00e9pertoires \u00e0 onglets, Reussflat \u2013 chez nous, vous pouvez obtenir toutes ces prestations, et bien d\u2019autres.<br \/>\nSoin, qualit\u00e9, efficacit\u00e9 et suivi sont bien entendu inclus. Parce que vos produits doivent \u00eatre des ambassadeurs convaincants de votre entreprise.<br \/>\nEt de la n\u00f4tre aussi d\u2019ailleurs.<\/h5>\n\t\t\t\t\t\t\t\t<\/div>\n\t\t\t\t<\/div>\n\t\t\t\t\t<\/div>\n\t\t<\/div>\n\t\t\t\t\t<\/div>\n\t\t<\/section>\n\t\t\t\t<\/div>\n\t\t","protected":false},"excerpt":{"rendered":"<p>\u00c0 l\u2019ouvrage avec la t\u00eate et les mains Afin que vos produits parlent d\u2019eux-m\u00eames Reliure \u00e0 dos carr\u00e9 coll\u00e9, reliure m\u00e9tal (agrafes), reliure WIRO, pliage, d\u00e9coupe de r\u00e9pertoires \u00e0 onglets, Reussflat \u2013 chez nous, vous pouvez obtenir toutes ces prestations, et bien d\u2019autres. Soin, qualit\u00e9, efficacit\u00e9 et suivi sont bien entendu inclus. Parce que vos [&hellip;]<\/p>\n","protected":false},"author":1,"featured_media":0,"parent":1791,"menu_order":2,"comment_status":"closed","ping_status":"closed","template":"","meta":{"footnotes":""},"class_list":["post-1794","page","type-page","status-publish","hentry"],"_links":{"self":[{"href":"https:\/\/anderreuss.ch\/fr\/wp-json\/wp\/v2\/pages\/1794","targetHints":{"allow":["GET"]}}],"collection":[{"href":"https:\/\/anderreuss.ch\/fr\/wp-json\/wp\/v2\/pages"}],"about":[{"href":"https:\/\/anderreuss.ch\/fr\/wp-json\/wp\/v2\/types\/page"}],"author":[{"embeddable":true,"href":"https:\/\/anderreuss.ch\/fr\/wp-json\/wp\/v2\/users\/1"}],"replies":[{"embeddable":true,"href":"https:\/\/anderreuss.ch\/fr\/wp-json\/wp\/v2\/comments?post=1794"}],"version-history":[{"count":0,"href":"https:\/\/anderreuss.ch\/fr\/wp-json\/wp\/v2\/pages\/1794\/revisions"}],"up":[{"embeddable":true,"href":"https:\/\/anderreuss.ch\/fr\/wp-json\/wp\/v2\/pages\/1791"}],"wp:attachment":[{"href":"https:\/\/anderreuss.ch\/fr\/wp-json\/wp\/v2\/media?parent=1794"}],"curies":[{"name":"wp","href":"https:\/\/api.w.org\/{rel}","templated":true}]}}